{"id":20,"date":"2024-11-06T15:42:33","date_gmt":"2024-11-06T15:42:33","guid":{"rendered":"https:\/\/villarinsat.com\/?page_id=20"},"modified":"2025-10-10T08:04:13","modified_gmt":"2025-10-10T08:04:13","slug":"galeria","status":"publish","type":"page","link":"https:\/\/villarinsat.com\/en\/galeria\/","title":{"rendered":"Gallery"},"content":{"rendered":"<div data-elementor-type=\"wp-page\" data-elementor-id=\"20\" class=\"elementor elementor-20\" data-elementor-post-type=\"page\">\n\t\t\t\t<div class=\"elementor-element elementor-element-1f80bea3 e-flex e-con-boxed e-con e-parent\" data-id=\"1f80bea3\" data-element_type=\"container\" data-settings=\"{&quot;background_background&quot;:&quot;classic&quot;}\">\n\t\t\t\t\t<div class=\"e-con-inner\">\n\t\t<div class=\"elementor-element elementor-element-3d851bbf e-con-full e-flex e-con e-child\" data-id=\"3d851bbf\" data-element_type=\"container\">\n\t\t\t\t<\/div>\n\t\t\t\t\t<\/div>\n\t\t\t\t<\/div>\n\t\t<div class=\"elementor-element elementor-element-5c35d828 e-flex e-con-boxed e-con e-parent\" data-id=\"5c35d828\" data-element_type=\"container\">\n\t\t\t\t\t<div class=\"e-con-inner\">\n\t\t<div class=\"elementor-element elementor-element-3a6d27cd e-con-full e-flex e-con e-child\" data-id=\"3a6d27cd\" data-element_type=\"container\">\n\t\t<div class=\"elementor-element elementor-element-36e38d49 e-flex e-con-boxed e-con e-child\" data-id=\"36e38d49\" data-element_type=\"container\">\n\t\t\t\t\t<div class=\"e-con-inner\">\n\t\t\t\t<div class=\"elementor-element elementor-element-361c3ed9 elementor-widget__width-initial elementor-invisible elementor-widget elementor-widget-spacer\" data-id=\"361c3ed9\" data-element_type=\"widget\" data-settings=\"{&quot;_animation&quot;:&quot;fadeInUp&quot;}\" data-widget_type=\"spacer.default\">\n\t\t\t\t<div class=\"elementor-widget-container\">\n\t\t\t\t\t<div class=\"elementor-spacer\">\n\t\t\t<div class=\"elementor-spacer-inner\"><\/div>\n\t\t<\/div>\n\t\t\t\t<\/div>\n\t\t\t\t<\/div>\n\t\t\t\t<div class=\"elementor-element elementor-element-3df5a7b6 elementor-invisible elementor-widget elementor-widget-heading\" data-id=\"3df5a7b6\" data-element_type=\"widget\" data-settings=\"{&quot;_animation&quot;:&quot;fadeInUp&quot;,&quot;_animation_delay&quot;:200}\" data-widget_type=\"heading.default\">\n\t\t\t\t<div class=\"elementor-widget-container\">\n\t\t\t<div class=\"elementor-heading-title elementor-size-default\">gallery<\/div>\t\t<\/div>\n\t\t\t\t<\/div>\n\t\t\t\t<div class=\"elementor-element elementor-element-30a7398d elementor-widget elementor-widget-icon-box\" data-id=\"30a7398d\" data-element_type=\"widget\" data-widget_type=\"icon-box.default\">\n\t\t\t\t<div class=\"elementor-widget-container\">\n\t\t\t\t\t<div class=\"elementor-icon-box-wrapper\">\n\n\t\t\t\n\t\t\t\t\t\t<div class=\"elementor-icon-box-content\">\n\n\t\t\t\t\t\t\t\t\t<h2 class=\"elementor-icon-box-title\">\n\t\t\t\t\t\t<span  >\n\t\t\t\t\t\t\tProjects and spare Parts\t\t\t\t\t\t<\/span>\n\t\t\t\t\t<\/h2>\n\t\t\t\t\n\t\t\t\t\t\t\t\t\t<p class=\"elementor-icon-box-description\">\n\t\t\t\t\t\tDiscover our latest publications and products in action.\t\t\t\t\t<\/p>\n\t\t\t\t\n\t\t\t<\/div>\n\t\t\t\n\t\t<\/div>\n\t\t\t\t<\/div>\n\t\t\t\t<\/div>\n\t\t\t\t\t<\/div>\n\t\t\t\t<\/div>\n\t\t<div class=\"elementor-element elementor-element-5a3f9859 e-con-full e-flex e-con e-child\" data-id=\"5a3f9859\" data-element_type=\"container\">\n\t\t\t\t<div class=\"elementor-element elementor-element-74a039f elementor-widget elementor-widget-gallery\" data-id=\"74a039f\" data-element_type=\"widget\" data-settings=\"{&quot;gallery_layout&quot;:&quot;masonry&quot;,&quot;columns&quot;:5,&quot;lazyload&quot;:&quot;yes&quot;,&quot;columns_tablet&quot;:2,&quot;columns_mobile&quot;:1,&quot;gap&quot;:{&quot;unit&quot;:&quot;px&quot;,&quot;size&quot;:10,&quot;sizes&quot;:[]},&quot;gap_widescreen&quot;:{&quot;unit&quot;:&quot;px&quot;,&quot;size&quot;:&quot;&quot;,&quot;sizes&quot;:[]},&quot;gap_laptop&quot;:{&quot;unit&quot;:&quot;px&quot;,&quot;size&quot;:10,&quot;sizes&quot;:[]},&quot;gap_tablet_extra&quot;:{&quot;unit&quot;:&quot;px&quot;,&quot;size&quot;:10,&quot;sizes&quot;:[]},&quot;gap_tablet&quot;:{&quot;unit&quot;:&quot;px&quot;,&quot;size&quot;:10,&quot;sizes&quot;:[]},&quot;gap_mobile_extra&quot;:{&quot;unit&quot;:&quot;px&quot;,&quot;size&quot;:10,&quot;sizes&quot;:[]},&quot;gap_mobile&quot;:{&quot;unit&quot;:&quot;px&quot;,&quot;size&quot;:10,&quot;sizes&quot;:[]},&quot;link_to&quot;:&quot;file&quot;,&quot;overlay_background&quot;:&quot;yes&quot;,&quot;content_hover_animation&quot;:&quot;fade-in&quot;}\" data-widget_type=\"gallery.default\">\n\t\t\t\t<div class=\"elementor-widget-container\">\n\t\t\t\t\t<div class=\"elementor-gallery__container\">\n\t\t\t\t\t\t\t<a class=\"e-gallery-item elementor-gallery-item elementor-animated-content\" href=\"https:\/\/villarinsat.com\/wp-content\/uploads\/2025\/05\/IMG_2280.jpg\" data-elementor-open-lightbox=\"yes\" data-elementor-lightbox-slideshow=\"74a039f\" data-elementor-lightbox-title=\"IMG_2280\" data-e-action-hash=\"#elementor-action%3Aaction%3Dlightbox%26settings%3DeyJpZCI6NDM4LCJ1cmwiOiJodHRwczpcL1wvdmlsbGFyaW5zYXQuY29tXC93cC1jb250ZW50XC91cGxvYWRzXC8yMDI1XC8wNVwvSU1HXzIyODAuanBnIiwic2xpZGVzaG93IjoiNzRhMDM5ZiJ9\">\n\t\t\t\t\t<div class=\"e-gallery-image elementor-gallery-item__image\" data-thumbnail=\"https:\/\/villarinsat.com\/wp-content\/uploads\/2025\/05\/IMG_2280-768x576.jpg\" data-width=\"768\" data-height=\"576\" aria-label=\"\" role=\"img\" ><\/div>\n\t\t\t\t\t\t\t\t\t\t\t<div class=\"elementor-gallery-item__overlay\"><\/div>\n\t\t\t\t\t\t\t\t\t\t\t\t\t\t<\/a>\n\t\t\t\t\t\t\t<a class=\"e-gallery-item elementor-gallery-item elementor-animated-content\" href=\"https:\/\/villarinsat.com\/wp-content\/uploads\/2025\/05\/83ba72c9-f63e-4289-911f-ccb16de25403.jpg\" data-elementor-open-lightbox=\"yes\" data-elementor-lightbox-slideshow=\"74a039f\" data-elementor-lightbox-title=\"83ba72c9-f63e-4289-911f-ccb16de25403\" data-e-action-hash=\"#elementor-action%3Aaction%3Dlightbox%26settings%3DeyJpZCI6NDQ3LCJ1cmwiOiJodHRwczpcL1wvdmlsbGFyaW5zYXQuY29tXC93cC1jb250ZW50XC91cGxvYWRzXC8yMDI1XC8wNVwvODNiYTcyYzktZjYzZS00Mjg5LTkxMWYtY2NiMTZkZTI1NDAzLmpwZyIsInNsaWRlc2hvdyI6Ijc0YTAzOWYifQ%3D%3D\">\n\t\t\t\t\t<div class=\"e-gallery-image elementor-gallery-item__image\" data-thumbnail=\"https:\/\/villarinsat.com\/wp-content\/uploads\/2025\/05\/83ba72c9-f63e-4289-911f-ccb16de25403-768x432.jpg\" data-width=\"768\" data-height=\"432\" aria-label=\"\" role=\"img\" ><\/div>\n\t\t\t\t\t\t\t\t\t\t\t<div class=\"elementor-gallery-item__overlay\"><\/div>\n\t\t\t\t\t\t\t\t\t\t\t\t\t\t<\/a>\n\t\t\t\t\t\t\t<a class=\"e-gallery-item elementor-gallery-item elementor-animated-content\" href=\"https:\/\/villarinsat.com\/wp-content\/uploads\/2024\/11\/cranes-lifter-building-materials-to-the-building-w-2023-11-27-05-27-36-utc-1-scaled.jpg\" data-elementor-open-lightbox=\"yes\" data-elementor-lightbox-slideshow=\"74a039f\" data-elementor-lightbox-title=\"Cranes lifter building materials to the building with crane truck in the roof\" data-e-action-hash=\"#elementor-action%3Aaction%3Dlightbox%26settings%3DeyJpZCI6MTIwLCJ1cmwiOiJodHRwczpcL1wvdmlsbGFyaW5zYXQuY29tXC93cC1jb250ZW50XC91cGxvYWRzXC8yMDI0XC8xMVwvY3JhbmVzLWxpZnRlci1idWlsZGluZy1tYXRlcmlhbHMtdG8tdGhlLWJ1aWxkaW5nLXctMjAyMy0xMS0yNy0wNS0yNy0zNi11dGMtMS1zY2FsZWQuanBnIiwic2xpZGVzaG93IjoiNzRhMDM5ZiJ9\">\n\t\t\t\t\t<div class=\"e-gallery-image elementor-gallery-item__image\" data-thumbnail=\"https:\/\/villarinsat.com\/wp-content\/uploads\/2024\/11\/cranes-lifter-building-materials-to-the-building-w-2023-11-27-05-27-36-utc-1-768x512.jpg\" data-width=\"768\" data-height=\"512\" aria-label=\"\" role=\"img\" ><\/div>\n\t\t\t\t\t\t\t\t\t\t\t<div class=\"elementor-gallery-item__overlay\"><\/div>\n\t\t\t\t\t\t\t\t\t\t\t\t\t\t<\/a>\n\t\t\t\t\t\t\t<a class=\"e-gallery-item elementor-gallery-item elementor-animated-content\" href=\"https:\/\/villarinsat.com\/wp-content\/uploads\/2025\/05\/IMG_3591.jpeg\" data-elementor-open-lightbox=\"yes\" data-elementor-lightbox-slideshow=\"74a039f\" data-elementor-lightbox-title=\"IMG_3591\" data-e-action-hash=\"#elementor-action%3Aaction%3Dlightbox%26settings%3DeyJpZCI6NDE3LCJ1cmwiOiJodHRwczpcL1wvdmlsbGFyaW5zYXQuY29tXC93cC1jb250ZW50XC91cGxvYWRzXC8yMDI1XC8wNVwvSU1HXzM1OTEuanBlZyIsInNsaWRlc2hvdyI6Ijc0YTAzOWYifQ%3D%3D\">\n\t\t\t\t\t<div class=\"e-gallery-image elementor-gallery-item__image\" data-thumbnail=\"https:\/\/villarinsat.com\/wp-content\/uploads\/2025\/05\/IMG_3591-768x1024.jpeg\" data-width=\"768\" data-height=\"1024\" aria-label=\"\" role=\"img\" ><\/div>\n\t\t\t\t\t\t\t\t\t\t\t<div class=\"elementor-gallery-item__overlay\"><\/div>\n\t\t\t\t\t\t\t\t\t\t\t\t\t\t<\/a>\n\t\t\t\t\t\t\t<a class=\"e-gallery-item elementor-gallery-item elementor-animated-content\" href=\"https:\/\/villarinsat.com\/wp-content\/uploads\/2025\/05\/IMG_8716.jpeg\" data-elementor-open-lightbox=\"yes\" data-elementor-lightbox-slideshow=\"74a039f\" data-elementor-lightbox-title=\"IMG_8716\" data-e-action-hash=\"#elementor-action%3Aaction%3Dlightbox%26settings%3DeyJpZCI6NDEyLCJ1cmwiOiJodHRwczpcL1wvdmlsbGFyaW5zYXQuY29tXC93cC1jb250ZW50XC91cGxvYWRzXC8yMDI1XC8wNVwvSU1HXzg3MTYuanBlZyIsInNsaWRlc2hvdyI6Ijc0YTAzOWYifQ%3D%3D\">\n\t\t\t\t\t<div class=\"e-gallery-image elementor-gallery-item__image\" data-thumbnail=\"https:\/\/villarinsat.com\/wp-content\/uploads\/2025\/05\/IMG_8716-768x1024.jpeg\" data-width=\"768\" data-height=\"1024\" aria-label=\"\" role=\"img\" ><\/div>\n\t\t\t\t\t\t\t\t\t\t\t<div class=\"elementor-gallery-item__overlay\"><\/div>\n\t\t\t\t\t\t\t\t\t\t\t\t\t\t<\/a>\n\t\t\t\t\t\t\t<a class=\"e-gallery-item elementor-gallery-item elementor-animated-content\" href=\"https:\/\/villarinsat.com\/wp-content\/uploads\/2025\/05\/c6c2aa85-d68e-407c-a3e0-93cb894567a0.jpg\" data-elementor-open-lightbox=\"yes\" data-elementor-lightbox-slideshow=\"74a039f\" data-elementor-lightbox-title=\"c6c2aa85-d68e-407c-a3e0-93cb894567a0\" data-e-action-hash=\"#elementor-action%3Aaction%3Dlightbox%26settings%3DeyJpZCI6NDI3LCJ1cmwiOiJodHRwczpcL1wvdmlsbGFyaW5zYXQuY29tXC93cC1jb250ZW50XC91cGxvYWRzXC8yMDI1XC8wNVwvYzZjMmFhODUtZDY4ZS00MDdjLWEzZTAtOTNjYjg5NDU2N2EwLmpwZyIsInNsaWRlc2hvdyI6Ijc0YTAzOWYifQ%3D%3D\">\n\t\t\t\t\t<div class=\"e-gallery-image elementor-gallery-item__image\" data-thumbnail=\"https:\/\/villarinsat.com\/wp-content\/uploads\/2025\/05\/c6c2aa85-d68e-407c-a3e0-93cb894567a0-768x576.jpg\" data-width=\"768\" data-height=\"576\" aria-label=\"\" role=\"img\" ><\/div>\n\t\t\t\t\t\t\t\t\t\t\t<div class=\"elementor-gallery-item__overlay\"><\/div>\n\t\t\t\t\t\t\t\t\t\t\t\t\t\t<\/a>\n\t\t\t\t\t\t\t<a class=\"e-gallery-item elementor-gallery-item elementor-animated-content\" href=\"https:\/\/villarinsat.com\/wp-content\/uploads\/2025\/05\/474e15e2-7c97-4b5c-b348-1ee3de0d93c6-1.jpeg\" data-elementor-open-lightbox=\"yes\" data-elementor-lightbox-slideshow=\"74a039f\" data-elementor-lightbox-title=\"474e15e2-7c97-4b5c-b348-1ee3de0d93c6\" data-e-action-hash=\"#elementor-action%3Aaction%3Dlightbox%26settings%3DeyJpZCI6NDM5LCJ1cmwiOiJodHRwczpcL1wvdmlsbGFyaW5zYXQuY29tXC93cC1jb250ZW50XC91cGxvYWRzXC8yMDI1XC8wNVwvNDc0ZTE1ZTItN2M5Ny00YjVjLWIzNDgtMWVlM2RlMGQ5M2M2LTEuanBlZyIsInNsaWRlc2hvdyI6Ijc0YTAzOWYifQ%3D%3D\">\n\t\t\t\t\t<div class=\"e-gallery-image elementor-gallery-item__image\" data-thumbnail=\"https:\/\/villarinsat.com\/wp-content\/uploads\/2025\/05\/474e15e2-7c97-4b5c-b348-1ee3de0d93c6-1-768x785.jpeg\" data-width=\"768\" data-height=\"785\" aria-label=\"\" role=\"img\" ><\/div>\n\t\t\t\t\t\t\t\t\t\t\t<div class=\"elementor-gallery-item__overlay\"><\/div>\n\t\t\t\t\t\t\t\t\t\t\t\t\t\t<\/a>\n\t\t\t\t\t\t\t<a class=\"e-gallery-item elementor-gallery-item elementor-animated-content\" href=\"https:\/\/villarinsat.com\/wp-content\/uploads\/2025\/05\/IMG_5069.jpeg\" data-elementor-open-lightbox=\"yes\" data-elementor-lightbox-slideshow=\"74a039f\" data-elementor-lightbox-title=\"IMG_5069\" data-e-action-hash=\"#elementor-action%3Aaction%3Dlightbox%26settings%3DeyJpZCI6NDE4LCJ1cmwiOiJodHRwczpcL1wvdmlsbGFyaW5zYXQuY29tXC93cC1jb250ZW50XC91cGxvYWRzXC8yMDI1XC8wNVwvSU1HXzUwNjkuanBlZyIsInNsaWRlc2hvdyI6Ijc0YTAzOWYifQ%3D%3D\">\n\t\t\t\t\t<div class=\"e-gallery-image elementor-gallery-item__image\" data-thumbnail=\"https:\/\/villarinsat.com\/wp-content\/uploads\/2025\/05\/IMG_5069.jpeg\" data-width=\"750\" data-height=\"790\" aria-label=\"\" role=\"img\" ><\/div>\n\t\t\t\t\t\t\t\t\t\t\t<div class=\"elementor-gallery-item__overlay\"><\/div>\n\t\t\t\t\t\t\t\t\t\t\t\t\t\t<\/a>\n\t\t\t\t\t\t\t<a class=\"e-gallery-item elementor-gallery-item elementor-animated-content\" href=\"https:\/\/villarinsat.com\/wp-content\/uploads\/2024\/11\/435751412_2531876430306172_2421576721081899345_n-1.jpg\" data-elementor-open-lightbox=\"yes\" data-elementor-lightbox-slideshow=\"74a039f\" data-elementor-lightbox-title=\"435751412_2531876430306172_2421576721081899345_n\" data-e-action-hash=\"#elementor-action%3Aaction%3Dlightbox%26settings%3DeyJpZCI6Mjg2LCJ1cmwiOiJodHRwczpcL1wvdmlsbGFyaW5zYXQuY29tXC93cC1jb250ZW50XC91cGxvYWRzXC8yMDI0XC8xMVwvNDM1NzUxNDEyXzI1MzE4NzY0MzAzMDYxNzJfMjQyMTU3NjcyMTA4MTg5OTM0NV9uLTEuanBnIiwic2xpZGVzaG93IjoiNzRhMDM5ZiJ9\">\n\t\t\t\t\t<div class=\"e-gallery-image elementor-gallery-item__image\" data-thumbnail=\"https:\/\/villarinsat.com\/wp-content\/uploads\/2024\/11\/435751412_2531876430306172_2421576721081899345_n-1-768x542.jpg\" data-width=\"768\" data-height=\"542\" aria-label=\"\" role=\"img\" ><\/div>\n\t\t\t\t\t\t\t\t\t\t\t<div class=\"elementor-gallery-item__overlay\"><\/div>\n\t\t\t\t\t\t\t\t\t\t\t\t\t\t<\/a>\n\t\t\t\t\t\t\t<a class=\"e-gallery-item elementor-gallery-item elementor-animated-content\" href=\"https:\/\/villarinsat.com\/wp-content\/uploads\/2025\/05\/bbcd040c-5629-43a9-baed-00ffed0f121a.jpg\" data-elementor-open-lightbox=\"yes\" data-elementor-lightbox-slideshow=\"74a039f\" data-elementor-lightbox-title=\"bbcd040c-5629-43a9-baed-00ffed0f121a\" data-e-action-hash=\"#elementor-action%3Aaction%3Dlightbox%26settings%3DeyJpZCI6NDQ4LCJ1cmwiOiJodHRwczpcL1wvdmlsbGFyaW5zYXQuY29tXC93cC1jb250ZW50XC91cGxvYWRzXC8yMDI1XC8wNVwvYmJjZDA0MGMtNTYyOS00M2E5LWJhZWQtMDBmZmVkMGYxMjFhLmpwZyIsInNsaWRlc2hvdyI6Ijc0YTAzOWYifQ%3D%3D\">\n\t\t\t\t\t<div class=\"e-gallery-image elementor-gallery-item__image\" data-thumbnail=\"https:\/\/villarinsat.com\/wp-content\/uploads\/2025\/05\/bbcd040c-5629-43a9-baed-00ffed0f121a-768x1024.jpg\" data-width=\"768\" data-height=\"1024\" aria-label=\"\" role=\"img\" ><\/div>\n\t\t\t\t\t\t\t\t\t\t\t<div class=\"elementor-gallery-item__overlay\"><\/div>\n\t\t\t\t\t\t\t\t\t\t\t\t\t\t<\/a>\n\t\t\t\t\t\t\t<a class=\"e-gallery-item elementor-gallery-item elementor-animated-content\" href=\"https:\/\/villarinsat.com\/wp-content\/uploads\/2025\/05\/IRUF0606.jpg\" data-elementor-open-lightbox=\"yes\" data-elementor-lightbox-slideshow=\"74a039f\" data-elementor-lightbox-title=\"IRUF0606\" data-e-action-hash=\"#elementor-action%3Aaction%3Dlightbox%26settings%3DeyJpZCI6NDI0LCJ1cmwiOiJodHRwczpcL1wvdmlsbGFyaW5zYXQuY29tXC93cC1jb250ZW50XC91cGxvYWRzXC8yMDI1XC8wNVwvSVJVRjA2MDYuanBnIiwic2xpZGVzaG93IjoiNzRhMDM5ZiJ9\">\n\t\t\t\t\t<div class=\"e-gallery-image elementor-gallery-item__image\" data-thumbnail=\"https:\/\/villarinsat.com\/wp-content\/uploads\/2025\/05\/IRUF0606-768x1024.jpg\" data-width=\"768\" data-height=\"1024\" aria-label=\"\" role=\"img\" ><\/div>\n\t\t\t\t\t\t\t\t\t\t\t<div class=\"elementor-gallery-item__overlay\"><\/div>\n\t\t\t\t\t\t\t\t\t\t\t\t\t\t<\/a>\n\t\t\t\t\t\t\t<a class=\"e-gallery-item elementor-gallery-item elementor-animated-content\" href=\"https:\/\/villarinsat.com\/wp-content\/uploads\/2025\/05\/9ee1f85e-c59b-45a7-8de8-f924fd5feed8-1.jpeg\" data-elementor-open-lightbox=\"yes\" data-elementor-lightbox-slideshow=\"74a039f\" data-elementor-lightbox-title=\"9ee1f85e-c59b-45a7-8de8-f924fd5feed8\" data-e-action-hash=\"#elementor-action%3Aaction%3Dlightbox%26settings%3DeyJpZCI6NDQ5LCJ1cmwiOiJodHRwczpcL1wvdmlsbGFyaW5zYXQuY29tXC93cC1jb250ZW50XC91cGxvYWRzXC8yMDI1XC8wNVwvOWVlMWY4NWUtYzU5Yi00NWE3LThkZTgtZjkyNGZkNWZlZWQ4LTEuanBlZyIsInNsaWRlc2hvdyI6Ijc0YTAzOWYifQ%3D%3D\">\n\t\t\t\t\t<div class=\"e-gallery-image elementor-gallery-item__image\" data-thumbnail=\"https:\/\/villarinsat.com\/wp-content\/uploads\/2025\/05\/9ee1f85e-c59b-45a7-8de8-f924fd5feed8-1-768x441.jpeg\" data-width=\"768\" data-height=\"441\" aria-label=\"\" role=\"img\" ><\/div>\n\t\t\t\t\t\t\t\t\t\t\t<div class=\"elementor-gallery-item__overlay\"><\/div>\n\t\t\t\t\t\t\t\t\t\t\t\t\t\t<\/a>\n\t\t\t\t\t\t\t<a class=\"e-gallery-item elementor-gallery-item elementor-animated-content\" href=\"https:\/\/villarinsat.com\/wp-content\/uploads\/2025\/05\/IMG_0688.jpeg\" data-elementor-open-lightbox=\"yes\" data-elementor-lightbox-slideshow=\"74a039f\" data-elementor-lightbox-title=\"IMG_0688\" data-e-action-hash=\"#elementor-action%3Aaction%3Dlightbox%26settings%3DeyJpZCI6NDIwLCJ1cmwiOiJodHRwczpcL1wvdmlsbGFyaW5zYXQuY29tXC93cC1jb250ZW50XC91cGxvYWRzXC8yMDI1XC8wNVwvSU1HXzA2ODguanBlZyIsInNsaWRlc2hvdyI6Ijc0YTAzOWYifQ%3D%3D\">\n\t\t\t\t\t<div class=\"e-gallery-image elementor-gallery-item__image\" data-thumbnail=\"https:\/\/villarinsat.com\/wp-content\/uploads\/2025\/05\/IMG_0688-768x1024.jpeg\" data-width=\"768\" data-height=\"1024\" aria-label=\"\" role=\"img\" ><\/div>\n\t\t\t\t\t\t\t\t\t\t\t<div class=\"elementor-gallery-item__overlay\"><\/div>\n\t\t\t\t\t\t\t\t\t\t\t\t\t\t<\/a>\n\t\t\t\t\t<\/div>\n\t\t\t<\/div>\n\t\t\t\t<\/div>\n\t\t\t\t<\/div>\n\t\t\t\t<div class=\"elementor-element elementor-element-6296e67 elementor-align-center elementor-mobile-align-justify elementor-widget elementor-widget-button\" data-id=\"6296e67\" data-element_type=\"widget\" data-widget_type=\"button.default\">\n\t\t\t\t<div class=\"elementor-widget-container\">\n\t\t\t\t\t\t\t<div class=\"elementor-button-wrapper\">\n\t\t\t\t\t<a class=\"elementor-button elementor-button-link elementor-size-xl\" href=\"https:\/\/villarinsat.com\/en\/contacto\/\">\n\t\t\t\t\t\t<span class=\"elementor-button-content-wrapper\">\n\t\t\t\t\t\t\t\t\t<span class=\"elementor-button-text\">Contr\u00e1ta our services<\/span>\n\t\t\t\t\t<\/span>\n\t\t\t\t\t<\/a>\n\t\t\t\t<\/div>\n\t\t\t\t\t\t<\/div>\n\t\t\t\t<\/div>\n\t\t\t\t<\/div>\n\t\t\t\t\t<\/div>\n\t\t\t\t<\/div>\n\t\t\t\t<\/div>","protected":false},"excerpt":{"rendered":"<p>galer\u00eda Proyectos y Recambios Descubre nuestras \u00faltimas publicaciones y productos en acci\u00f3n. Contr\u00e1ta nuestros servicios<\/p>","protected":false},"author":1,"featured_media":0,"parent":0,"menu_order":0,"comment_status":"closed","ping_status":"closed","template":"","meta":{"footnotes":""},"class_list":["post-20","page","type-page","status-publish","hentry"],"yoast_head":"<!-- This site is optimized with the Yoast SEO Premium plugin v20.3 (Yoast SEO v20.3) - https:\/\/yoast.com\/wordpress\/plugins\/seo\/ -->\n<title>Galer\u00eda de Trabajos | Villarinsat<\/title>\n<meta name=\"description\" content=\"Galer\u00eda de trabajos de reparaci\u00f3n de gr\u00faas industriales y mantenimiento t\u00e9cnico. Descubre ejemplos reales de intervenciones realizadas por Villarinsat.\" \/>\n<meta name=\"robots\" content=\"index, follow, max-snippet:-1, max-image-preview:large, max-video-preview:-1\" \/>\n<link rel=\"canonical\" href=\"https:\/\/villarinsat.com\/en\/galeria\/\" \/>\n<meta property=\"og:locale\" content=\"en_GB\" \/>\n<meta property=\"og:type\" content=\"article\" \/>\n<meta property=\"og:title\" content=\"Galeria\" \/>\n<meta property=\"og:description\" content=\"Galer\u00eda de trabajos de reparaci\u00f3n de gr\u00faas industriales y mantenimiento t\u00e9cnico. Descubre ejemplos reales de intervenciones realizadas por Villarinsat.\" \/>\n<meta property=\"og:url\" content=\"https:\/\/villarinsat.com\/en\/galeria\/\" \/>\n<meta property=\"og:site_name\" content=\"Villarin\" \/>\n<meta property=\"article:modified_time\" content=\"2025-10-10T08:04:13+00:00\" \/>\n<meta name=\"twitter:card\" content=\"summary_large_image\" \/>\n<meta name=\"twitter:label1\" content=\"Estimated reading time\" \/>\n\t<meta name=\"twitter:data1\" content=\"1 minute\" \/>\n<script type=\"application\/ld+json\" class=\"yoast-schema-graph\">{\"@context\":\"https:\/\/schema.org\",\"@graph\":[{\"@type\":\"WebPage\",\"@id\":\"https:\/\/villarinsat.com\/galeria\/\",\"url\":\"https:\/\/villarinsat.com\/galeria\/\",\"name\":\"Galer\u00eda de Trabajos | Villarinsat\",\"isPartOf\":{\"@id\":\"https:\/\/villarinsat.com\/#website\"},\"datePublished\":\"2024-11-06T15:42:33+00:00\",\"dateModified\":\"2025-10-10T08:04:13+00:00\",\"description\":\"Galer\u00eda de trabajos de reparaci\u00f3n de gr\u00faas industriales y mantenimiento t\u00e9cnico. Descubre ejemplos reales de intervenciones realizadas por Villarinsat.\",\"breadcrumb\":{\"@id\":\"https:\/\/villarinsat.com\/galeria\/#breadcrumb\"},\"inLanguage\":\"en-GB\",\"potentialAction\":[{\"@type\":\"ReadAction\",\"target\":[\"https:\/\/villarinsat.com\/galeria\/\"]}]},{\"@type\":\"BreadcrumbList\",\"@id\":\"https:\/\/villarinsat.com\/galeria\/#breadcrumb\",\"itemListElement\":[{\"@type\":\"ListItem\",\"position\":1,\"name\":\"Home\",\"item\":\"https:\/\/villarinsat.com\/\"},{\"@type\":\"ListItem\",\"position\":2,\"name\":\"Galeria\"}]},{\"@type\":\"WebSite\",\"@id\":\"https:\/\/villarinsat.com\/#website\",\"url\":\"https:\/\/villarinsat.com\/\",\"name\":\"Villarin\",\"description\":\"\",\"publisher\":{\"@id\":\"https:\/\/villarinsat.com\/#organization\"},\"potentialAction\":[{\"@type\":\"SearchAction\",\"target\":{\"@type\":\"EntryPoint\",\"urlTemplate\":\"https:\/\/villarinsat.com\/?s={search_term_string}\"},\"query-input\":\"required name=search_term_string\"}],\"inLanguage\":\"en-GB\"},{\"@type\":\"Organization\",\"@id\":\"https:\/\/villarinsat.com\/#organization\",\"name\":\"Villarin\",\"url\":\"https:\/\/villarinsat.com\/\",\"logo\":{\"@type\":\"ImageObject\",\"inLanguage\":\"en-GB\",\"@id\":\"https:\/\/villarinsat.com\/#\/schema\/logo\/image\/\",\"url\":\"https:\/\/villarinsat.com\/wp-content\/uploads\/2024\/11\/VILLARIN-SAT-LOGO.png\",\"contentUrl\":\"https:\/\/villarinsat.com\/wp-content\/uploads\/2024\/11\/VILLARIN-SAT-LOGO.png\",\"width\":4635,\"height\":1222,\"caption\":\"Villarin\"},\"image\":{\"@id\":\"https:\/\/villarinsat.com\/#\/schema\/logo\/image\/\"}}]}<\/script>\n<!-- \/ Yoast SEO Premium plugin. -->","yoast_head_json":{"title":"Galer\u00eda de Trabajos | Villarinsat","description":"Galer\u00eda de trabajos de reparaci\u00f3n de gr\u00faas industriales y mantenimiento t\u00e9cnico. Descubre ejemplos reales de intervenciones realizadas por Villarinsat.","robots":{"index":"index","follow":"follow","max-snippet":"max-snippet:-1","max-image-preview":"max-image-preview:large","max-video-preview":"max-video-preview:-1"},"canonical":"https:\/\/villarinsat.com\/en\/galeria\/","og_locale":"en_GB","og_type":"article","og_title":"Galeria","og_description":"Galer\u00eda de trabajos de reparaci\u00f3n de gr\u00faas industriales y mantenimiento t\u00e9cnico. Descubre ejemplos reales de intervenciones realizadas por Villarinsat.","og_url":"https:\/\/villarinsat.com\/en\/galeria\/","og_site_name":"Villarin","article_modified_time":"2025-10-10T08:04:13+00:00","twitter_card":"summary_large_image","twitter_misc":{"Estimated reading time":"1 minute"},"schema":{"@context":"https:\/\/schema.org","@graph":[{"@type":"WebPage","@id":"https:\/\/villarinsat.com\/galeria\/","url":"https:\/\/villarinsat.com\/galeria\/","name":"Galer\u00eda de Trabajos | Villarinsat","isPartOf":{"@id":"https:\/\/villarinsat.com\/#website"},"datePublished":"2024-11-06T15:42:33+00:00","dateModified":"2025-10-10T08:04:13+00:00","description":"Galer\u00eda de trabajos de reparaci\u00f3n de gr\u00faas industriales y mantenimiento t\u00e9cnico. Descubre ejemplos reales de intervenciones realizadas por Villarinsat.","breadcrumb":{"@id":"https:\/\/villarinsat.com\/galeria\/#breadcrumb"},"inLanguage":"en-GB","potentialAction":[{"@type":"ReadAction","target":["https:\/\/villarinsat.com\/galeria\/"]}]},{"@type":"BreadcrumbList","@id":"https:\/\/villarinsat.com\/galeria\/#breadcrumb","itemListElement":[{"@type":"ListItem","position":1,"name":"Home","item":"https:\/\/villarinsat.com\/"},{"@type":"ListItem","position":2,"name":"Galeria"}]},{"@type":"WebSite","@id":"https:\/\/villarinsat.com\/#website","url":"https:\/\/villarinsat.com\/","name":"Villarin","description":"","publisher":{"@id":"https:\/\/villarinsat.com\/#organization"},"potentialAction":[{"@type":"SearchAction","target":{"@type":"EntryPoint","urlTemplate":"https:\/\/villarinsat.com\/?s={search_term_string}"},"query-input":"required name=search_term_string"}],"inLanguage":"en-GB"},{"@type":"Organization","@id":"https:\/\/villarinsat.com\/#organization","name":"Villarin","url":"https:\/\/villarinsat.com\/","logo":{"@type":"ImageObject","inLanguage":"en-GB","@id":"https:\/\/villarinsat.com\/#\/schema\/logo\/image\/","url":"https:\/\/villarinsat.com\/wp-content\/uploads\/2024\/11\/VILLARIN-SAT-LOGO.png","contentUrl":"https:\/\/villarinsat.com\/wp-content\/uploads\/2024\/11\/VILLARIN-SAT-LOGO.png","width":4635,"height":1222,"caption":"Villarin"},"image":{"@id":"https:\/\/villarinsat.com\/#\/schema\/logo\/image\/"}}]}},"_links":{"self":[{"href":"https:\/\/villarinsat.com\/en\/wp-json\/wp\/v2\/pages\/20","targetHints":{"allow":["GET"]}}],"collection":[{"href":"https:\/\/villarinsat.com\/en\/wp-json\/wp\/v2\/pages"}],"about":[{"href":"https:\/\/villarinsat.com\/en\/wp-json\/wp\/v2\/types\/page"}],"author":[{"embeddable":true,"href":"https:\/\/villarinsat.com\/en\/wp-json\/wp\/v2\/users\/1"}],"replies":[{"embeddable":true,"href":"https:\/\/villarinsat.com\/en\/wp-json\/wp\/v2\/comments?post=20"}],"version-history":[{"count":34,"href":"https:\/\/villarinsat.com\/en\/wp-json\/wp\/v2\/pages\/20\/revisions"}],"predecessor-version":[{"id":624,"href":"https:\/\/villarinsat.com\/en\/wp-json\/wp\/v2\/pages\/20\/revisions\/624"}],"wp:attachment":[{"href":"https:\/\/villarinsat.com\/en\/wp-json\/wp\/v2\/media?parent=20"}],"curies":[{"name":"wp","href":"https:\/\/api.w.org\/{rel}","templated":true}]}}