{"id":251,"date":"2024-11-08T16:24:55","date_gmt":"2024-11-08T16:24:55","guid":{"rendered":"https:\/\/villarinsat.com\/?page_id=251"},"modified":"2025-05-29T11:18:36","modified_gmt":"2025-05-29T11:18:36","slug":"aviso-legal","status":"publish","type":"page","link":"https:\/\/villarinsat.com\/en\/aviso-legal\/","title":{"rendered":"Legal Notice"},"content":{"rendered":"<div data-elementor-type=\"wp-page\" data-elementor-id=\"251\" class=\"elementor elementor-251\" data-elementor-post-type=\"page\">\n\t\t\t\t<div class=\"elementor-element elementor-element-368591db e-flex e-con-boxed e-con e-parent\" data-id=\"368591db\" data-element_type=\"container\" data-settings=\"{&quot;background_background&quot;:&quot;classic&quot;}\">\n\t\t\t\t\t<div class=\"e-con-inner\">\n\t\t<div class=\"elementor-element elementor-element-75fc38ff e-con-full e-flex e-con e-child\" data-id=\"75fc38ff\" data-element_type=\"container\">\n\t\t\t\t<div class=\"elementor-element elementor-element-600ec44 elementor-widget__width-initial elementor-widget-tablet_extra__width-inherit elementor-invisible elementor-widget elementor-widget-heading\" data-id=\"600ec44\" data-element_type=\"widget\" data-settings=\"{&quot;_animation&quot;:&quot;fadeInLeft&quot;}\" data-widget_type=\"heading.default\">\n\t\t\t\t<div class=\"elementor-widget-container\">\n\t\t\t<h1 class=\"elementor-heading-title elementor-size-default\">Legales<\/h1>\t\t<\/div>\n\t\t\t\t<\/div>\n\t\t\t\t<div class=\"elementor-element elementor-element-2c5087f6 elementor-icon-list--layout-inline elementor-align-right elementor-widget__width-initial elementor-tablet_extra-align-left elementor-widget-tablet_extra__width-inherit elementor-list-item-link-full_width elementor-invisible elementor-widget elementor-widget-icon-list\" data-id=\"2c5087f6\" data-element_type=\"widget\" data-settings=\"{&quot;_animation&quot;:&quot;fadeInLeft&quot;,&quot;_animation_delay&quot;:200}\" data-widget_type=\"icon-list.default\">\n\t\t\t\t<div class=\"elementor-widget-container\">\n\t\t\t\t\t<ul class=\"elementor-icon-list-items elementor-inline-items\">\n\t\t\t\t\t\t\t<li class=\"elementor-icon-list-item elementor-inline-item\">\n\t\t\t\t\t\t\t\t\t\t\t<a href=\"https:\/\/villarinsat.com\/en\">\n\n\t\t\t\t\t\t\t\t\t\t\t<span class=\"elementor-icon-list-text\">Home<\/span>\n\t\t\t\t\t\t\t\t\t\t\t<\/a>\n\t\t\t\t\t\t\t\t\t<\/li>\n\t\t\t\t\t\t\t\t<li class=\"elementor-icon-list-item elementor-inline-item\">\n\t\t\t\t\t\t\t\t\t\t<span class=\"elementor-icon-list-text\">aviso legal<\/span>\n\t\t\t\t\t\t\t\t\t<\/li>\n\t\t\t\t\t\t<\/ul>\n\t\t\t\t<\/div>\n\t\t\t\t<\/div>\n\t\t\t\t<\/div>\n\t\t\t\t\t<\/div>\n\t\t\t\t<\/div>\n\t\t<div class=\"elementor-element elementor-element-7cf269ce e-flex e-con-boxed e-con e-parent\" data-id=\"7cf269ce\" data-element_type=\"container\">\n\t\t\t\t\t<div class=\"e-con-inner\">\n\t\t<div class=\"elementor-element elementor-element-5c78a1af e-con-full e-flex e-con e-child\" data-id=\"5c78a1af\" data-element_type=\"container\">\n\t\t\t\t<div class=\"elementor-element elementor-element-736223ac elementor-widget elementor-widget-heading\" data-id=\"736223ac\" data-element_type=\"widget\" data-widget_type=\"heading.default\">\n\t\t\t\t<div class=\"elementor-widget-container\">\n\t\t\t<h2 class=\"elementor-heading-title elementor-size-default\">Legal Notice<\/h2>\t\t<\/div>\n\t\t\t\t<\/div>\n\t\t\t\t<div class=\"elementor-element elementor-element-f6ecbb7 elementor-widget elementor-widget-text-editor\" data-id=\"f6ecbb7\" data-element_type=\"widget\" data-widget_type=\"text-editor.default\">\n\t\t\t\t<div class=\"elementor-widget-container\">\n\t\t\t\t\t\t\t<p style=\"text-align: left;\">1.<strong> DATOS IDENTIFICATIVOS<\/strong><br>En cumplimiento del Reglamaento General de Protecci\u00f3n de Datos (UE) 2016\/679 del Parlamento <br>Europeo y del Consejo de 27 de abril de 2016 y la ley org\u00e1nica 3\/2018 de 5 de diciembre de Protecci\u00f3n <br>de Datos Personales y de Garant\u00eda de los Derechos Digitales, se reflejan los siguientes datos:<br>La empresa titular del presente dominio web Villar\u00ednSat es Francisco Villar\u00edn Le\u00f3n, n\u00famero de CIF&nbsp;34071367H , con domicilio a estos efectos en&nbsp;C\/ Santiago Rusi\u00f1ol 88, 41720 Los Palacios y Villafranca.<\/p>\n<p style=\"text-align: left;\"><strong> 2. USUARIOS<\/strong><br>El acceso y\/o uso de este portalo sitio web le atribuye la condici\u00f3n de USUARIO, que <br>acepta, desde dicho acceso y\/o uso, las Condiciones Generales de Uso reflejadas en el <br>presente aviso. Las Condiciones ser\u00e1n de aplicaci\u00f3n independientemente de las <br>Condiciones Generales de Contrataci\u00f3n que en su caso resulten de obligado cumplimiento. <br>En todo caso para cualquier fin especifico se pedir\u00e1 su consentimiento expreso.<\/p>\n<p><strong>3. USO DEL PORTAL<\/strong><br>Nuestra web proporciona el acceso a informaciones, servicios, programas o datos <br>(en adelante pasaremos a denominarlos como \u00ablos contenidos\u00bb) en Internet <br>pertenecientes a Villar\u00ednSat, o a sus licenciantes a los que el&nbsp;USUARIO pueda tener acceso.<\/p>\n<p>El USUARIO asume la responsabilidad del correcto uso del portal. Dicha responsabilidad se<br>extiende al registro que fuese necesario para acceder a determinados servicios o contenidos.<br>En dicho registro el USUARIO ser\u00e1 responsable de aportar informaci\u00f3n veraz y l\u00edcita sobre<br>sus datos. Como consecuencia de este registro, al USUARIO se le puede proporcionar una<br>contrase\u00f1a de la que ser\u00e1 responsable, comprometi\u00e9ndose a hacer un uso diligente, \u00e9tico y<br>confidencial de la misma. El USUARIO se compromete a hacer un uso adecuado de los<br>contenidos y servicios (como por ejemplo servicios de chat, foros de discusi\u00f3n o grupos de<br>noticias) que se ofrece a trav\u00e9s de su portal y con car\u00e1cter enunciativo pero no limitativo, a<br>no emplearlos para:- Incurrir en actividades il\u00edcitas, ilegales o contrarias a la buena fe y al orden p\u00fablico;- Difundir contenidos o propaganda de car\u00e1cter racista, xen\u00f3fobo, pornogr\u00e1fico-ilegal, de<br>apolog\u00eda del terrorismo o atentatorio contra los derechos humanos- Provocar da\u00f1os en los sistemas f\u00edsicos y l\u00f3gicos del propietario, de sus proveedores o de terceras personas, introducir o difundir en la red virus inform\u00e1ticos o cualesquiera otros sistemas f\u00edsicos o l\u00f3gicos que sean susceptibles de provocar los da\u00f1os anteriormente mencionados.<\/p>\n<p>&#8211; Intentar acceder y, en su caso, utilizar las cuentas de correo electr\u00f3nico de otros usuarios y modificar o manipular sus mensajes. El propietario del portal se reserva el derecho de retirar todos aquellos comentarios y aportaciones que vulneren el respeto a la dignidad de la persona, que sean discriminatorios, xen\u00f3fobos, racistas, pornogr\u00e1ficos, que atenten contra la juventud o la infancia, el orden o la seguridad p\u00fablica o que, a su juicio, no resultaran adecuados o convenientes para su publicaci\u00f3n. En cualquier caso, el propietario del portal no ser\u00e1 responsable de las opiniones vertidas por los usuarios a trav\u00e9s de los foros, chats, u otras herramientas de participaci\u00f3n.<\/p>\n<p><strong> 4.PROTECCI\u00d3N DE DATOS<\/strong><br>El uso de los datos personales est\u00e1 definida en base al Reglamento General de Protecci\u00f3n de datos y la <br>normativa espa\u00f1ola vigente. Con el fin de conseguir la m\u00e1xima transparencia y en base a nuestra pol\u00edtica proactiva le informamos:<\/p>\n<p><strong>\u00bfPor qu\u00e9 solicitamos sus datos?&nbsp;<\/strong><\/p>\n<p>Villar\u00ednSat, informa al cliente que el tratamiento de los datos se realiza con las siguientes finalidades: Llevar a cabo todas las gestiones relacionadas con la elaboraci\u00f3n de presupuestos, contrataci\u00f3n y prestaci\u00f3n de servicios de reparaci\u00f3n de gr\u00faas industriales y asistencia t\u00e9cnica a la empresa a la que pertenece o en su caso al interesado que lo solicite. As\u00ed como atender y contestar las comunicaciones recibidas y las de prospecci\u00f3n comercial para mantener informado a los usuarios de eventuales promociones.<\/p>\n<p>\u00bf<strong>Qu\u00e9 tipo de datos recabamos<\/strong>?<br>Datos personales correspondientes a su propia identidad y que sean adecuados, pertinentes, actuales, <br>exactos y verdaderos. A tales efectos, el usuario ser\u00e1 el \u00fanico responsable frente a cualquier <br>da\u00f1o, directo y\/o indirecto que cause a terceros o a VillarinSat, por el uso de datos personales de otra persona, o sus propios datos personales cuando sean falsos, err\u00f3neos, no actuales, inadecuados o impertinentes. Igualmente el usuario que utilice los datos personales de un tercero, responder\u00e1 ante \u00e9ste de la obligaci\u00f3n de informaci\u00f3n establecida en el RGPD para cuando los datos de car\u00e1cter personal no hayan sido recabados del propio interesado, y\/o de las consecuencias de no haberle informado.<\/p>\n<p>&nbsp;\u00bf<strong>C\u00f3mo se recogen<\/strong>?&nbsp;<\/p>\n<p>Uso de formularios para la recogida de datos personales. En los formularios de contacto existentes en la web, donde se recogen datos de car\u00e1cter personal, el usuario deber\u00e1 consentir de manera expresa y con car\u00e1cter previo al env\u00edo de los mismos, la aceptaci\u00f3n y conocimiento de la pol\u00edtica de privacidad mediante la cumplimentaci\u00f3n del check \u00abhe le\u00eddo y acepto la pol\u00edtica de privacidad\u00bby a cuyo contenido podr\u00e1 tener acceso mediante el enlace adjunto que le remitir\u00e1 el presente aviso legal. Si el campo check no fuere marcado por el usuario, no se realizar\u00e1 el env\u00edo de los datos contenidos en dichos formularios. Uso compartido con terceros: Los datos no se ceder\u00e1n a terceros salvo en los casos en que exista una obligaci\u00f3n legal. No est\u00e1n previstas las transferencias de datos a terceros pa\u00edses. Derechos: Tiene derecho a acceder a sus datos, rectificarlos, suprimirlos, limitarlos y oponerse a su tratamiento en cualquier momento, tambi\u00e9n puede retirar el consentimiento prestado y reclamar ante la autoridad de control ( Agencia Espa\u00f1ola de protecci\u00f3n de Datos c\/ Jorge Juan n\u00ba6 28001 Madrid).<\/p>\n<p><strong>5. PROPIEDAD INTELECTUAL E INDUSTRIAL<\/strong><br>El propietario por s\u00ed o como cesionaria, es titular de todos los derechos de propiedad <br>intelectual e industrial desu p\u00e1gina web, as\u00ed como de los elementos contenidos en la misma <br>(a t\u00edtulo enunciativo, im\u00e1genes, sonido, audio, v\u00eddeo, software o textos; marcas o logotipos, <br>combinaciones de colores, estructura y dise\u00f1o, selecci\u00f3n de materiales usados, programas <br>de ordenador necesarios para su funcionamiento, acceso y uso, etc.). <br>Todos los derechos reservados. En virtud de lo dispuesto en los art\u00edculos 8 y 32.1, p\u00e1rrafo <br>segundo, de la Ley de Propiedad Intelectual, quedan expresamente prohibidas la <br>reproducci\u00f3n, la distribuci\u00f3n y la comunicaci\u00f3n p\u00fablica, incluida su modalidad de puesta a <br>disposici\u00f3n, de la totalidad o parte de los contenidos de esta p\u00e1gina web, con fines <br>comerciales, en cualquier soporte y por cualquier medio t\u00e9cnico, sin la autorizaci\u00f3n de <br>Villar\u00ednSat.<\/p>\n<p>El USUARIO se compromete a respetar los derechos de Propiedad Intelectual e Industrial <br>titularidad de Villar\u00ednSat Podr\u00e1 visualizar los elementos del portal e incluso imprimirlos, copiarlos y almacenarlos en el disco duro de su ordenador o en cualquier otro soporte f\u00edsico siempre y cuando sea, \u00fanica y exclusivamente, para su uso personal y privado. El USUARIO deber\u00e1 abstenerse de suprimir, alterar, eludir o manipular cualquier dispositivo de protecci\u00f3n o sistema de seguridad que <br>estuviera instalado en el las p\u00e1ginas de Villar\u00ednSat.<\/p>\n<p><strong>6. EXCLUSI\u00d3N DE GARANT\u00cdAS Y RESPONSABILIDAD<\/strong><br>Villar\u00ednSat no se hace responsable, en ning\u00fan caso, de los da\u00f1os y perjuicios de <br>cualquier naturaleza que pudieran ocasionar, a t\u00edtulo enunciativo: errores u omisiones en los <br>contenidos, falta de disponibilidad del portal o la transmisi\u00f3n de virus o programas maliciosos <br>o lesivos en los contenidos, a pesar de haber adoptado todas las medidas tecnol\u00f3gicas<br>necesarias para evitarlo.<\/p>\n<p><strong> 7. MODIFICACIONES<\/strong><br>Villar\u00ednSat se reserva el derecho de efectuar sin previo aviso las modificaciones <br>que considere oportunas en su portal, pudiendo cambiar, suprimir o a\u00f1adir tanto los <br>contenidos y servicios que se presten a trav\u00e9s de la misma como la forma en la que \u00e9stos <br>aparezcan presentados o localizados en su portal.<\/p>\n<p><strong>8. ENLACES<\/strong><br>En el caso de que en Villar\u00ednSat se dispusiesen enlaces o hiperv\u00ednculos <br>hac\u00eda otros sitios de Internet, no ejercer\u00e1 ning\u00fan tipo de control sobre dichos sitios y <br>contenidos. En ning\u00fan caso Villar\u00ednSat asumir\u00e1 responsabilidad <br>alguna por los contenidos de alg\u00fan enlace perteneciente a un sitio web ajeno, ni garantizar\u00e1 <br>la disponibilidad t\u00e9cnica, calidad, fiabilidad, exactitud, amplitud, veracidad, validez y <br>constitucionalidad de cualquier material o informaci\u00f3n contenida en ninguno de dichos <br>hiperv\u00ednculos u otros sitios de Internet. En caso de usar los enlaces rogamos que acceda a la <br>pol\u00edtica de privacidad y aviso legal de la p\u00e1gina visitada. <br>Igualmente la inclusi\u00f3n de estas conexiones externas no implicar\u00e1 ning\u00fan tipo de asociaci\u00f3n, <br>fusi\u00f3n o participaci\u00f3n con las entidades conectadas.<\/p>\n<p><strong>9. DERECHO DE EXCLUSI\u00d3N<\/strong><br>Villar\u00ednSat se reserva el derecho a denegar o retirar el acceso a portal y\/o los servicios ofrecidos sin necesidad de preaviso, a instancia propia o de un tercero, a aquellos usuarios que incumplan las presentes Condiciones Generales de Uso.<\/p>\n<p><strong>10.GENERALIDADES<\/strong><br>Se perseguir\u00e1 el incumplimiento de las presentes condiciones as\u00ed como cualquier utilizaci\u00f3n <br>indebida de su portal ejerciendo todas las acciones civiles y penales que le puedan <br>corresponder en derecho.<\/p>\n<p><strong>11.MODIFICACI\u00d3N DE LAS PRESENTES CONDICIONES Y DURACI\u00d3N<\/strong><br>Villar\u00ednSat podr\u00e1 modificar en cualquier momento las condiciones aqu\u00ed determinadas, siendo debidamente publicadas como aqu\u00ed aparecen. <br>La vigencia de las citadas condiciones ir\u00e1 en funci\u00f3n de su exposici\u00f3n y estar\u00e1n vigentes hasta debidamente publicadas. que sean modificadas por otras.<\/p>\n<p><strong>12. LEGISLACI\u00d3N APLICABLE Y JURISDICCI\u00d3N<\/strong><br>La relaci\u00f3n entre Villar\u00ednSat y el USUARIO se regir\u00e1 por la normativa espa\u00f1ola vigente y cualquier controversia se someter\u00e1 a la autoridad pertinente.<\/p>\t\t\t\t\t\t<\/div>\n\t\t\t\t<\/div>\n\t\t\t\t<\/div>\n\t\t\t\t\t<\/div>\n\t\t\t\t<\/div>\n\t\t\t\t<\/div>","protected":false},"excerpt":{"rendered":"<p>Legales Inicio aviso legal Aviso Legal 1. DATOS IDENTIFICATIVOSEn cumplimiento del Reglamaento General de Protecci\u00f3n de Datos (UE) 2016\/679 del Parlamento Europeo y del Consejo de 27 de abril de 2016 y la ley org\u00e1nica 3\/2018 de 5 de diciembre de Protecci\u00f3n de Datos Personales y de Garant\u00eda de los Derechos Digitales, se reflejan los [&hellip;]<\/p>","protected":false},"author":1,"featured_media":0,"parent":0,"menu_order":0,"comment_status":"closed","ping_status":"closed","template":"","meta":{"footnotes":""},"class_list":["post-251","page","type-page","status-publish","hentry"],"yoast_head":"<!-- This site is optimized with the Yoast SEO Premium plugin v20.3 (Yoast SEO v20.3) - https:\/\/yoast.com\/wordpress\/plugins\/seo\/ -->\n<title>Aviso Legal - Villar\u00ednSat<\/title>\n<meta name=\"robots\" content=\"index, follow, max-snippet:-1, max-image-preview:large, max-video-preview:-1\" \/>\n<link rel=\"canonical\" href=\"https:\/\/villarinsat.com\/en\/aviso-legal\/\" \/>\n<meta property=\"og:locale\" content=\"en_GB\" \/>\n<meta property=\"og:type\" content=\"article\" \/>\n<meta property=\"og:title\" content=\"Aviso Legal\" \/>\n<meta property=\"og:description\" content=\"Legales Inicio aviso legal Aviso Legal 1. DATOS IDENTIFICATIVOSEn cumplimiento del Reglamaento General de Protecci\u00f3n de Datos (UE) 2016\/679 del Parlamento Europeo y del Consejo de 27 de abril de 2016 y la ley org\u00e1nica 3\/2018 de 5 de diciembre de Protecci\u00f3n de Datos Personales y de Garant\u00eda de los Derechos Digitales, se reflejan los [&hellip;]\" \/>\n<meta property=\"og:url\" content=\"https:\/\/villarinsat.com\/en\/aviso-legal\/\" \/>\n<meta property=\"og:site_name\" content=\"Villarin\" \/>\n<meta property=\"article:modified_time\" content=\"2025-05-29T11:18:36+00:00\" \/>\n<meta name=\"twitter:card\" content=\"summary_large_image\" \/>\n<meta name=\"twitter:label1\" content=\"Estimated reading time\" \/>\n\t<meta name=\"twitter:data1\" content=\"7 minutes\" \/>\n<script type=\"application\/ld+json\" class=\"yoast-schema-graph\">{\"@context\":\"https:\/\/schema.org\",\"@graph\":[{\"@type\":\"WebPage\",\"@id\":\"https:\/\/villarinsat.com\/aviso-legal\/\",\"url\":\"https:\/\/villarinsat.com\/aviso-legal\/\",\"name\":\"Aviso Legal - Villar\u00ednSat\",\"isPartOf\":{\"@id\":\"https:\/\/villarinsat.com\/#website\"},\"datePublished\":\"2024-11-08T16:24:55+00:00\",\"dateModified\":\"2025-05-29T11:18:36+00:00\",\"breadcrumb\":{\"@id\":\"https:\/\/villarinsat.com\/aviso-legal\/#breadcrumb\"},\"inLanguage\":\"en-GB\",\"potentialAction\":[{\"@type\":\"ReadAction\",\"target\":[\"https:\/\/villarinsat.com\/aviso-legal\/\"]}]},{\"@type\":\"BreadcrumbList\",\"@id\":\"https:\/\/villarinsat.com\/aviso-legal\/#breadcrumb\",\"itemListElement\":[{\"@type\":\"ListItem\",\"position\":1,\"name\":\"Home\",\"item\":\"https:\/\/villarinsat.com\/\"},{\"@type\":\"ListItem\",\"position\":2,\"name\":\"Aviso Legal\"}]},{\"@type\":\"WebSite\",\"@id\":\"https:\/\/villarinsat.com\/#website\",\"url\":\"https:\/\/villarinsat.com\/\",\"name\":\"Villarin\",\"description\":\"\",\"publisher\":{\"@id\":\"https:\/\/villarinsat.com\/#organization\"},\"potentialAction\":[{\"@type\":\"SearchAction\",\"target\":{\"@type\":\"EntryPoint\",\"urlTemplate\":\"https:\/\/villarinsat.com\/?s={search_term_string}\"},\"query-input\":\"required name=search_term_string\"}],\"inLanguage\":\"en-GB\"},{\"@type\":\"Organization\",\"@id\":\"https:\/\/villarinsat.com\/#organization\",\"name\":\"Villarin\",\"url\":\"https:\/\/villarinsat.com\/\",\"logo\":{\"@type\":\"ImageObject\",\"inLanguage\":\"en-GB\",\"@id\":\"https:\/\/villarinsat.com\/#\/schema\/logo\/image\/\",\"url\":\"https:\/\/villarinsat.com\/wp-content\/uploads\/2024\/11\/VILLARIN-SAT-LOGO.png\",\"contentUrl\":\"https:\/\/villarinsat.com\/wp-content\/uploads\/2024\/11\/VILLARIN-SAT-LOGO.png\",\"width\":4635,\"height\":1222,\"caption\":\"Villarin\"},\"image\":{\"@id\":\"https:\/\/villarinsat.com\/#\/schema\/logo\/image\/\"}}]}<\/script>\n<!-- \/ Yoast SEO Premium plugin. -->","yoast_head_json":{"title":"Aviso Legal - Villar\u00ednSat","robots":{"index":"index","follow":"follow","max-snippet":"max-snippet:-1","max-image-preview":"max-image-preview:large","max-video-preview":"max-video-preview:-1"},"canonical":"https:\/\/villarinsat.com\/en\/aviso-legal\/","og_locale":"en_GB","og_type":"article","og_title":"Aviso Legal","og_description":"Legales Inicio aviso legal Aviso Legal 1. DATOS IDENTIFICATIVOSEn cumplimiento del Reglamaento General de Protecci\u00f3n de Datos (UE) 2016\/679 del Parlamento Europeo y del Consejo de 27 de abril de 2016 y la ley org\u00e1nica 3\/2018 de 5 de diciembre de Protecci\u00f3n de Datos Personales y de Garant\u00eda de los Derechos Digitales, se reflejan los [&hellip;]","og_url":"https:\/\/villarinsat.com\/en\/aviso-legal\/","og_site_name":"Villarin","article_modified_time":"2025-05-29T11:18:36+00:00","twitter_card":"summary_large_image","twitter_misc":{"Estimated reading time":"7 minutes"},"schema":{"@context":"https:\/\/schema.org","@graph":[{"@type":"WebPage","@id":"https:\/\/villarinsat.com\/aviso-legal\/","url":"https:\/\/villarinsat.com\/aviso-legal\/","name":"Aviso Legal - Villar\u00ednSat","isPartOf":{"@id":"https:\/\/villarinsat.com\/#website"},"datePublished":"2024-11-08T16:24:55+00:00","dateModified":"2025-05-29T11:18:36+00:00","breadcrumb":{"@id":"https:\/\/villarinsat.com\/aviso-legal\/#breadcrumb"},"inLanguage":"en-GB","potentialAction":[{"@type":"ReadAction","target":["https:\/\/villarinsat.com\/aviso-legal\/"]}]},{"@type":"BreadcrumbList","@id":"https:\/\/villarinsat.com\/aviso-legal\/#breadcrumb","itemListElement":[{"@type":"ListItem","position":1,"name":"Home","item":"https:\/\/villarinsat.com\/"},{"@type":"ListItem","position":2,"name":"Aviso Legal"}]},{"@type":"WebSite","@id":"https:\/\/villarinsat.com\/#website","url":"https:\/\/villarinsat.com\/","name":"Villarin","description":"","publisher":{"@id":"https:\/\/villarinsat.com\/#organization"},"potentialAction":[{"@type":"SearchAction","target":{"@type":"EntryPoint","urlTemplate":"https:\/\/villarinsat.com\/?s={search_term_string}"},"query-input":"required name=search_term_string"}],"inLanguage":"en-GB"},{"@type":"Organization","@id":"https:\/\/villarinsat.com\/#organization","name":"Villarin","url":"https:\/\/villarinsat.com\/","logo":{"@type":"ImageObject","inLanguage":"en-GB","@id":"https:\/\/villarinsat.com\/#\/schema\/logo\/image\/","url":"https:\/\/villarinsat.com\/wp-content\/uploads\/2024\/11\/VILLARIN-SAT-LOGO.png","contentUrl":"https:\/\/villarinsat.com\/wp-content\/uploads\/2024\/11\/VILLARIN-SAT-LOGO.png","width":4635,"height":1222,"caption":"Villarin"},"image":{"@id":"https:\/\/villarinsat.com\/#\/schema\/logo\/image\/"}}]}},"_links":{"self":[{"href":"https:\/\/villarinsat.com\/en\/wp-json\/wp\/v2\/pages\/251","targetHints":{"allow":["GET"]}}],"collection":[{"href":"https:\/\/villarinsat.com\/en\/wp-json\/wp\/v2\/pages"}],"about":[{"href":"https:\/\/villarinsat.com\/en\/wp-json\/wp\/v2\/types\/page"}],"author":[{"embeddable":true,"href":"https:\/\/villarinsat.com\/en\/wp-json\/wp\/v2\/users\/1"}],"replies":[{"embeddable":true,"href":"https:\/\/villarinsat.com\/en\/wp-json\/wp\/v2\/comments?post=251"}],"version-history":[{"count":10,"href":"https:\/\/villarinsat.com\/en\/wp-json\/wp\/v2\/pages\/251\/revisions"}],"predecessor-version":[{"id":534,"href":"https:\/\/villarinsat.com\/en\/wp-json\/wp\/v2\/pages\/251\/revisions\/534"}],"wp:attachment":[{"href":"https:\/\/villarinsat.com\/en\/wp-json\/wp\/v2\/media?parent=251"}],"curies":[{"name":"wp","href":"https:\/\/api.w.org\/{rel}","templated":true}]}}