{"id":264,"date":"2024-11-08T16:32:59","date_gmt":"2024-11-08T16:32:59","guid":{"rendered":"https:\/\/villarinsat.com\/?page_id=264"},"modified":"2025-05-29T11:40:49","modified_gmt":"2025-05-29T11:40:49","slug":"politica-de-cookies","status":"publish","type":"page","link":"https:\/\/villarinsat.com\/en\/politica-de-cookies\/","title":{"rendered":"Pol\u00edtica de Cookies"},"content":{"rendered":"<div data-elementor-type=\"wp-page\" data-elementor-id=\"264\" class=\"elementor elementor-264\" data-elementor-post-type=\"page\">\n\t\t\t\t<div class=\"elementor-element elementor-element-5487c565 e-flex e-con-boxed e-con e-parent\" data-id=\"5487c565\" data-element_type=\"container\" data-settings=\"{&quot;background_background&quot;:&quot;classic&quot;}\">\n\t\t\t\t\t<div class=\"e-con-inner\">\n\t\t<div class=\"elementor-element elementor-element-4e3c6514 e-con-full e-flex e-con e-child\" data-id=\"4e3c6514\" data-element_type=\"container\">\n\t\t\t\t<div class=\"elementor-element elementor-element-3ae317a2 elementor-widget__width-initial elementor-widget-tablet_extra__width-inherit elementor-invisible elementor-widget elementor-widget-heading\" data-id=\"3ae317a2\" data-element_type=\"widget\" data-settings=\"{&quot;_animation&quot;:&quot;fadeInLeft&quot;}\" data-widget_type=\"heading.default\">\n\t\t\t\t<div class=\"elementor-widget-container\">\n\t\t\t<h1 class=\"elementor-heading-title elementor-size-default\">Legales<\/h1>\t\t<\/div>\n\t\t\t\t<\/div>\n\t\t\t\t<div class=\"elementor-element elementor-element-40b0e2c2 elementor-icon-list--layout-inline elementor-align-right elementor-widget__width-initial elementor-tablet_extra-align-left elementor-widget-tablet_extra__width-inherit elementor-list-item-link-full_width elementor-invisible elementor-widget elementor-widget-icon-list\" data-id=\"40b0e2c2\" data-element_type=\"widget\" data-settings=\"{&quot;_animation&quot;:&quot;fadeInLeft&quot;,&quot;_animation_delay&quot;:200}\" data-widget_type=\"icon-list.default\">\n\t\t\t\t<div class=\"elementor-widget-container\">\n\t\t\t\t\t<ul class=\"elementor-icon-list-items elementor-inline-items\">\n\t\t\t\t\t\t\t<li class=\"elementor-icon-list-item elementor-inline-item\">\n\t\t\t\t\t\t\t\t\t\t\t<a href=\"https:\/\/villarinsat.com\/en\">\n\n\t\t\t\t\t\t\t\t\t\t\t<span class=\"elementor-icon-list-text\">Home<\/span>\n\t\t\t\t\t\t\t\t\t\t\t<\/a>\n\t\t\t\t\t\t\t\t\t<\/li>\n\t\t\t\t\t\t\t\t<li class=\"elementor-icon-list-item elementor-inline-item\">\n\t\t\t\t\t\t\t\t\t\t\t<a href=\"https:\/\/villarinsat.com\/en\/declaracion-de-accesibilidad\/\">\n\n\t\t\t\t\t\t\t\t\t\t\t<span class=\"elementor-icon-list-text\">Accessibility statement<\/span>\n\t\t\t\t\t\t\t\t\t\t\t<\/a>\n\t\t\t\t\t\t\t\t\t<\/li>\n\t\t\t\t\t\t<\/ul>\n\t\t\t\t<\/div>\n\t\t\t\t<\/div>\n\t\t\t\t<\/div>\n\t\t\t\t\t<\/div>\n\t\t\t\t<\/div>\n\t\t<div class=\"elementor-element elementor-element-5803929 e-flex e-con-boxed e-con e-parent\" data-id=\"5803929\" data-element_type=\"container\">\n\t\t\t\t\t<div class=\"e-con-inner\">\n\t\t<div class=\"elementor-element elementor-element-2bee42fd e-con-full e-flex e-con e-child\" data-id=\"2bee42fd\" data-element_type=\"container\">\n\t\t\t\t<div class=\"elementor-element elementor-element-a27090c elementor-widget elementor-widget-heading\" data-id=\"a27090c\" data-element_type=\"widget\" data-widget_type=\"heading.default\">\n\t\t\t\t<div class=\"elementor-widget-container\">\n\t\t\t<h2 class=\"elementor-heading-title elementor-size-default\">Pol\u00edtica de cookies<\/h2>\t\t<\/div>\n\t\t\t\t<\/div>\n\t\t\t\t<div class=\"elementor-element elementor-element-2dc85399 elementor-widget elementor-widget-text-editor\" data-id=\"2dc85399\" data-element_type=\"widget\" data-widget_type=\"text-editor.default\">\n\t\t\t\t<div class=\"elementor-widget-container\">\n\t\t\t\t\t\t\t<p><strong>Texto de la segunda capa informativa de cookies<\/strong><br \/><strong>\u2022 Objeto.<\/strong><br \/>La presente Pol\u00edtica de Cookies es parte integrante de las Condiciones de Uso y la <br \/>Pol\u00edtica de Privacidad de la p\u00e1gina web, Villar\u00ednSat (en adelante, el <br \/>\u00abSitio Web\u00bb o la \u00abP\u00e1gina Web\u00bb). El acceso y la navegaci\u00f3n en el Sitio Web, o el uso de <br \/>los servicios del mismo, implican la aceptaci\u00f3n de los t\u00e9rminos y <br \/>condiciones recogidos en las Condiciones de Uso as\u00ed como en la Pol\u00edtica de <br \/>Privacidad y dentro de ella en la Pol\u00edtica de Cookies.<br \/>Con el fin de facilitar su navegaci\u00f3n por el Sitio Web, el titular de la misma con <br \/>domicilio social en C\/ Santiago Rusi\u00f1ol 88, 41720 Los Palacios y Villafranca, le comunica que utiliza cookies o dispositivos de Almacenamiento de Recuperaci\u00f3n de Datos (DARD)<\/p><p>u otros archivos de funcionalidad similar (en adelante, las \u00abcookies\u00bb).<br \/>En este sentido y con el objetivo de garantizar al usuario toda la informaci\u00f3n<br \/>necesaria para su correcta navegaci\u00f3n, ponemos a disposici\u00f3n del usuario el<br \/>siguiente texto informativo sobre qu\u00e9 son las cookies, qu\u00e9 tipolog\u00eda de<br \/>cookies existen en nuestra P\u00e1gina Web y c\u00f3mo es posible configurarlas o<br \/>deshabilitarlas.<\/p><p><strong>Que son las Cookies.<\/strong><br \/>Actualmente, la mayor\u00eda de las p\u00e1ginas Web, independientemente del servicio que<br \/>presten, utilizan cookies, es decir, guardan una informaci\u00f3n m\u00ednima del uso o la<br \/>navegaci\u00f3n que realiza el usuario dentro de la P\u00e1gina Web.<br \/>Una cookie puede definirse como un peque\u00f1o archivo de texto o dispositivo de uso<br \/>generalizado que se descarga en el equipo terminal del usuario cuando navega por<br \/>las p\u00e1ginas Web con la finalidad de almacenar datos que podr\u00e1n ser actualizados y<br \/>recuperados por la entidad responsable de su instalaci\u00f3n para facilitarle la<br \/>navegaci\u00f3n y la experiencia de usuario.<br \/>Tal y como establece el Considerando 30 del RGPD, las personas f\u00edsicas pueden ser<br \/>asociadas a identificadores en l\u00ednea facilitados por sus dispositivos, aplicaciones,<br \/>herramientas y protocolos, como direcciones de los protocolos de internet,<br \/>identificadores de sesi\u00f3n en forma de \u201ccookies\u201d u otros identificadores con<br \/>finalidades similares. Esto puede dejar huellas que, en particular, al ser combinadas<br \/>con identificadores \u00fanicos y otros datos recibidos por los servidores, pueden ser<br \/>utilizadas para elaborar perfiles de las personas f\u00edsicas e identificarlas.<br \/>Por este motivo, El titular de la web dispone de una pol\u00edtica de cookies coherente con<br \/>la normativa aplicable.<br \/>Con car\u00e1cter general, cuando la instalaci\u00f3n y\/o utilizaci\u00f3n de cookies conlleve el <br \/>tratamiento de datos personales, ya se trate de cookies propias o de terceros, de <br \/>sesi\u00f3n o persistentes, el responsable del tratamiento, proporcionar\u00e1 la informaci\u00f3n <br \/>necesaria en este \u00e1mbito y recabar\u00e1 el previo consentimiento informado del usuario <br \/>para instalar y\/o utilizar aqu\u00e9llas salvo en el caso de tener que instalar cookies <br \/>estrictamente necesarias. Y es que se except\u00faan \u00fanicamente de tal consentimiento <br \/>aqu\u00e9llas que permitan, de forma exclusiva, la comunicaci\u00f3n entre el equipo del <br \/>usuario y la red y, estrictamente, aqu\u00e9llas utilizadas para prestar un servicio <br \/>solicitado por el usuario. Por ejemplo, quedar\u00edan exceptuadas las denominadas <br \/>\u201ccookies t\u00e9cnicas\u201d (p.ej., las necesarias para la misma navegaci\u00f3n por la plataforma <br \/>u aplicaci\u00f3n); \u201clas de personalizaci\u00f3n o configuraci\u00f3n\u201d (p.ej., que permiten que la<br \/>p\u00e1gina reconozca el idioma del usuario, etc.); y \u201clas de seguridad\u201d (p.ej., detectar<br \/>intentos err\u00f3neos y reiterados de conexi\u00f3n a un sitio).<\/p><p><strong> 3.1. SEG\u00daN LA ENTIDAD QUE LA GESTIONA:<\/strong> <br \/>Cookies propias<br \/>Son aquellas que se env\u00edan a tu equipo desde el equipo o los servidores del titular de <br \/>la web y desde el que prestamos el servicio que nos solicitas. <br \/>Cookies de terceros<br \/>Son aquellas que se env\u00edan a tu equipo desde un equipo o dominio que no es <br \/>gestionado por nosotros, sino por otra entidad colaboradora o partner. Como por <br \/>ejemplo, las usadas por redes sociales, o por contenido externo como Google.<\/p><p><strong>3.2. SEG\u00daN EL PLAZO DE TIEMPO QUE PERMANECEN ACTIVADAS:<\/strong> <br \/>Cookies de sesi\u00f3n<br \/>Son cookies temporales que permanecen en el archivo de cookies de tu navegador <br \/>hasta que abandonas la p\u00e1gina web, por lo que ninguna queda registrada en el disco <br \/>duro de tu ordenador. La informaci\u00f3n obtenida por medio de estas cookies, sirven <br \/>para analizar pautas de tr\u00e1fico en la web. A la larga, esto nos permite proporcionar <br \/>una mejor experiencia para mejorar el contenido y facilitar su uso. <br \/>Cookies persistentes<br \/>Son almacenadas en el disco duro y nuestra web las lee cada vez que realizas una <br \/>nueva visita. Una web permanente posee una fecha de expiraci\u00f3n determinada. La <br \/>cookie dejar\u00e1 de funcionar despu\u00e9s de esa fecha. Estas cookies las utilizamos, <br \/>generalmente, para facilitar los servicios de compra y registro. <br \/><strong>3.3 SEG\u00daN SU FINALIDAD:<\/strong> <br \/>Cookies t\u00e9cnicas<br \/>Son aquellas necesarias para la navegaci\u00f3n y el buen funcionamiento de nuestra <br \/>p\u00e1gina web. Permiten por ejemplo, controlar el tr\u00e1fico y la comunicaci\u00f3n de datos, <br \/>acceder a partes de acceso restringido, realizar el proceso de compra de un pedido, <br \/>utilizar elementos de seguridad, almacenar contenidos para poder difundir v\u00eddeos o <br \/>compartir contenidos a trav\u00e9s de redes sociales. <br \/>Cookies de personalizaci\u00f3n<br \/>Son aqu\u00e9llas que te permiten acceder al servicio con unas caracter\u00edsticas <br \/>predefinidas en funci\u00f3n de una serie de criterios, como por ejemplo el idioma, el tipo <br \/>de navegador a trav\u00e9s del cual se accede al servicio, etc. <br \/>Cookies de an\u00e1lisis<br \/>Son aqu\u00e9llas que nos permiten cuantificar el n\u00famero de usuarios y as\u00ed realizar la <br \/>medici\u00f3n y an\u00e1lisis estad\u00edstico de la utilizaci\u00f3n que hacen los usuarios de los servicios <br \/>prestados. Para ello se analiza su navegaci\u00f3n en nuestra p\u00e1gina web con el fin de <br \/>mejorar la oferta de productos y servicios que ofrecemos. <br \/>Cookies publicitarias<br \/>Son aqu\u00e9llas que permiten la gesti\u00f3n, de la forma m\u00e1s eficaz posible, de los espacios <br \/>publicitarios que se pudieran incluir en nuestra p\u00e1gina web. <br \/>Cookies de publicidad comportamental<br \/>Estas cookies almacenan informaci\u00f3n del comportamiento de los usuarios obtenida <br \/>a trav\u00e9s de la observaci\u00f3n continuada. Gracias a ellas, podemos conocer los h\u00e1bitos <br \/>de navegaci\u00f3n en internet y mostrarte publicidad relacionada con tu perfil de <br \/>navegaci\u00f3n.<\/p><p>Cookies utilizadas en la web<br \/>La identificaci\u00f3n de qui\u00e9n utiliza las cookies de este sitio web, as\u00ed como los detalles de <br \/>las mismas, se indican a continuaci\u00f3n:<\/p><p>Google Analytics, de terceros, con el proposito de, Recoger informaci\u00f3n sobre la navegaci\u00f3n de los usuarios por el sitio web con el fin de conocer el origen de las visitas y otros datos similares a nivel estad\u00edstico, as\u00ed como, en su caso, mostrar a los usuarios publicidad relacionada con sus preferencias en base a un perfil elaborado a partir de sus h\u00e1bitos de navegaci\u00f3n (por ejemplo, p\u00e1ginas visitadas).\u00a0<\/p><p>1. Google HYPERLINK<br \/>\u00abhttps:\/\/developers.google.com\/analytics\/devguides\/collection\/analyticsjs\/cookie-usage\u00bbAnalytics.<\/p><p>C\u00f3mo deshabilitar las cookies en los navegadores m\u00e1s utilizados.<br \/>Pueden bloquearse o deshabilitarse con las herramientas de configuraci\u00f3n de su<br \/>navegador. El navegador le permite rechazar la instalaci\u00f3n de todas las cookies, o<br \/>bien elegir rechazar solo alguna de ellas.<br \/>Le indicamos los enlaces a las herramientas de los principales navegadores, en las<br \/>que poder informarse sobre c\u00f3mo deshabilitar las cookies.<\/p><p>Desactivaci\u00f3n o eliminaci\u00f3n de cookies pertenecientes a Google Analytics<br \/>Si acepta el uso de cookies pertenecientes a Google Analytics podr\u00e1 desinstalarlas <br \/>posteriormente mediante la configuraci\u00f3n de su navegador, tal y como se ha indicado, <br \/>o instalando el complemento de inhabilitaci\u00f3n de Google Analytics:<br \/>https:\/\/tools.google.com\/dlpage\/gaoptout?hl=es<br \/>.<br \/>Le recordamos que si elimina las cookies de personalizaci\u00f3n tendr\u00e1 que actualizar sus <br \/>preferencias cada vez que inicie una sesi\u00f3n con nosotros o si utiliza un dispositivo <br \/>diferente, perfil ordenador o navegador tendr\u00e1 que decirnos sus preferencias <br \/>nuevamente.<\/p><p>Google Chrome <br \/>https:\/\/support.google.com\/chrome\/answer\/95647?hl=<br \/>es<\/p><p>Mozilla Firefox <br \/>https:\/\/support.mozilla.org\/es\/kb\/cookies-informacion-que-los-sitios-web-guardan<br \/>en-?redirectlocale=en- HYPERLINK \u00abhttps:\/\/support.mozilla.org\/es<br \/>\/kb\/cookies-informacion-que-los-sitios-web-guardan-en-?redirectlocale=en<br \/>US&amp;redirectslug=Cookies\u00bbUS HYPERLINK \u00abhttps:\/\/support.mozilla.org\/es<br \/>\/kb\/cookies-informacion-que-los-sitios-web-guardan-en-?redirectlocale=en<br \/>US&amp;redirectslug=Cookies\u00bb&amp; HYPERLINK<\/p><p>Apple Safari <br \/>https:\/\/support.apple.com\/es-es\/HT201265<\/p><p>Microsoft Explorer <br \/>https:\/\/support.microsoft.com\/es-es\/help\/17442\/windows-internet-explorer-delete<br \/>manage-cookies<\/p><p>Qu\u00e9 ocurre si se deshabilitan las cookies<br \/>Si rechaza las cookies podr\u00e1 seguir usando nuestro sitio web, pero es posible que <br \/>algunos de los servicios y\/o enlaces dejen de funcionar, que no se pueda iniciar o <br \/>mantener la sesi\u00f3n interactiva con los servicios de la p\u00e1gina web, y no podremos <br \/>obtener de tu parte informaci\u00f3n muy valiosa para ofrecerle contenidos acordes a sus <br \/>intereses y para que puedas acceder de forma f\u00e1cil y r\u00e1pida a la informaci\u00f3n que te <br \/>interesa. <br \/>El titular de la web no asume ninguna responsabilidad por problemas legales o t\u00e9cnicos <br \/>causados por el incumplimiento por parte de cualquier usuario de las recomendaciones <br \/>incluidas. Esta comunicaci\u00f3n se realiza para el conocimiento y uso de los usuarios, por <br \/>consiguiente, no debe utilizarse para ninguna otra finalidad. <br \/>Igualmente te avisamos que no podemos hacernos responsables del contenido y <br \/>veracidad de las pol\u00edticas de privacidad de los terceros incluidas en esta pol\u00edtica de <br \/>cookies.<\/p><p>Cambios en la pol\u00edtica de cookies<br \/>La presente pol\u00edtica de cookies, es la versi\u00f3n 2.0, y est\u00e1 vigente desde el d\u00eda 1 de <br \/>OCTUBRE de 2020, y en base a ello, el titular de la web, puede modificar esta pol\u00edtica <br \/>de cookies, bien por incorporar cookies nuevas por necesidad de nuevos contenidos <br \/>que se puedan ofrecer, o bien en funci\u00f3n de exigencias legislativas, reglamentarias, <br \/>que hagan necesario el cambio de la misma, por ello se aconseja a los Usuarios que <br \/>visiten la misma de forma prei\u00f3dica. Asimismo, La Web podr\u00e1 informar a los usuarios <br \/>de forma personal y previa de los cambios proyectados en esta pol\u00edtica, antes de su <br \/>entrada en vigor, siempre que ello resultara t\u00e9cnica y razonablemente posible.<\/p><p>Ejercicio de Derechos en materia de Cookies<br \/>Puede conocer y ejercer sus derechos en materia de protecci\u00f3n de datos personales <br \/>accediendo a la Pol\u00edtica de Privacidad de esta web. <br \/>Si tiene dudas sobre esta pol\u00edtica de cookies, puede contactar con nosotros.<\/p>\t\t\t\t\t\t<\/div>\n\t\t\t\t<\/div>\n\t\t\t\t<\/div>\n\t\t\t\t\t<\/div>\n\t\t\t\t<\/div>\n\t\t\t\t<\/div>","protected":false},"excerpt":{"rendered":"<p>Legales Inicio Declaraci\u00f3n de Accesibilidad Pol\u00edtica de cookies Texto de la segunda capa informativa de cookies\u2022 Objeto.La presente Pol\u00edtica de Cookies es parte integrante de las Condiciones de Uso y la Pol\u00edtica de Privacidad de la p\u00e1gina web, Villar\u00ednSat (en adelante, el \u00abSitio Web\u00bb o la \u00abP\u00e1gina Web\u00bb). El acceso y la navegaci\u00f3n en el [&hellip;]<\/p>","protected":false},"author":1,"featured_media":0,"parent":0,"menu_order":0,"comment_status":"closed","ping_status":"closed","template":"","meta":{"footnotes":""},"class_list":["post-264","page","type-page","status-publish","hentry"],"yoast_head":"<!-- This site is optimized with the Yoast SEO Premium plugin v20.3 (Yoast SEO v20.3) - https:\/\/yoast.com\/wordpress\/plugins\/seo\/ -->\n<title>Pol\u00edtica de Cookies - Villarin<\/title>\n<meta name=\"robots\" content=\"index, follow, max-snippet:-1, max-image-preview:large, max-video-preview:-1\" \/>\n<link rel=\"canonical\" href=\"https:\/\/villarinsat.com\/en\/politica-de-cookies\/\" \/>\n<meta property=\"og:locale\" content=\"en_GB\" \/>\n<meta property=\"og:type\" content=\"article\" \/>\n<meta property=\"og:title\" content=\"Pol\u00edtica de Cookies\" \/>\n<meta property=\"og:description\" content=\"Legales Inicio Declaraci\u00f3n de Accesibilidad Pol\u00edtica de cookies Texto de la segunda capa informativa de cookies\u2022 Objeto.La presente Pol\u00edtica de Cookies es parte integrante de las Condiciones de Uso y la Pol\u00edtica de Privacidad de la p\u00e1gina web, Villar\u00ednSat (en adelante, el \u00abSitio Web\u00bb o la \u00abP\u00e1gina Web\u00bb). El acceso y la navegaci\u00f3n en el [&hellip;]\" \/>\n<meta property=\"og:url\" content=\"https:\/\/villarinsat.com\/en\/politica-de-cookies\/\" \/>\n<meta property=\"og:site_name\" content=\"Villarin\" \/>\n<meta property=\"article:modified_time\" content=\"2025-05-29T11:40:49+00:00\" \/>\n<meta name=\"twitter:card\" content=\"summary_large_image\" \/>\n<meta name=\"twitter:label1\" content=\"Estimated reading time\" \/>\n\t<meta name=\"twitter:data1\" content=\"8 minutes\" \/>\n<script type=\"application\/ld+json\" class=\"yoast-schema-graph\">{\"@context\":\"https:\/\/schema.org\",\"@graph\":[{\"@type\":\"WebPage\",\"@id\":\"https:\/\/villarinsat.com\/politica-de-cookies\/\",\"url\":\"https:\/\/villarinsat.com\/politica-de-cookies\/\",\"name\":\"Pol\u00edtica de Cookies - Villarin\",\"isPartOf\":{\"@id\":\"https:\/\/villarinsat.com\/#website\"},\"datePublished\":\"2024-11-08T16:32:59+00:00\",\"dateModified\":\"2025-05-29T11:40:49+00:00\",\"breadcrumb\":{\"@id\":\"https:\/\/villarinsat.com\/politica-de-cookies\/#breadcrumb\"},\"inLanguage\":\"en-GB\",\"potentialAction\":[{\"@type\":\"ReadAction\",\"target\":[\"https:\/\/villarinsat.com\/politica-de-cookies\/\"]}]},{\"@type\":\"BreadcrumbList\",\"@id\":\"https:\/\/villarinsat.com\/politica-de-cookies\/#breadcrumb\",\"itemListElement\":[{\"@type\":\"ListItem\",\"position\":1,\"name\":\"Home\",\"item\":\"https:\/\/villarinsat.com\/\"},{\"@type\":\"ListItem\",\"position\":2,\"name\":\"Pol\u00edtica de Cookies\"}]},{\"@type\":\"WebSite\",\"@id\":\"https:\/\/villarinsat.com\/#website\",\"url\":\"https:\/\/villarinsat.com\/\",\"name\":\"Villarin\",\"description\":\"\",\"publisher\":{\"@id\":\"https:\/\/villarinsat.com\/#organization\"},\"potentialAction\":[{\"@type\":\"SearchAction\",\"target\":{\"@type\":\"EntryPoint\",\"urlTemplate\":\"https:\/\/villarinsat.com\/?s={search_term_string}\"},\"query-input\":\"required name=search_term_string\"}],\"inLanguage\":\"en-GB\"},{\"@type\":\"Organization\",\"@id\":\"https:\/\/villarinsat.com\/#organization\",\"name\":\"Villarin\",\"url\":\"https:\/\/villarinsat.com\/\",\"logo\":{\"@type\":\"ImageObject\",\"inLanguage\":\"en-GB\",\"@id\":\"https:\/\/villarinsat.com\/#\/schema\/logo\/image\/\",\"url\":\"https:\/\/villarinsat.com\/wp-content\/uploads\/2024\/11\/VILLARIN-SAT-LOGO.png\",\"contentUrl\":\"https:\/\/villarinsat.com\/wp-content\/uploads\/2024\/11\/VILLARIN-SAT-LOGO.png\",\"width\":4635,\"height\":1222,\"caption\":\"Villarin\"},\"image\":{\"@id\":\"https:\/\/villarinsat.com\/#\/schema\/logo\/image\/\"}}]}<\/script>\n<!-- \/ Yoast SEO Premium plugin. -->","yoast_head_json":{"title":"Pol\u00edtica de Cookies - Villarin","robots":{"index":"index","follow":"follow","max-snippet":"max-snippet:-1","max-image-preview":"max-image-preview:large","max-video-preview":"max-video-preview:-1"},"canonical":"https:\/\/villarinsat.com\/en\/politica-de-cookies\/","og_locale":"en_GB","og_type":"article","og_title":"Pol\u00edtica de Cookies","og_description":"Legales Inicio Declaraci\u00f3n de Accesibilidad Pol\u00edtica de cookies Texto de la segunda capa informativa de cookies\u2022 Objeto.La presente Pol\u00edtica de Cookies es parte integrante de las Condiciones de Uso y la Pol\u00edtica de Privacidad de la p\u00e1gina web, Villar\u00ednSat (en adelante, el \u00abSitio Web\u00bb o la \u00abP\u00e1gina Web\u00bb). El acceso y la navegaci\u00f3n en el [&hellip;]","og_url":"https:\/\/villarinsat.com\/en\/politica-de-cookies\/","og_site_name":"Villarin","article_modified_time":"2025-05-29T11:40:49+00:00","twitter_card":"summary_large_image","twitter_misc":{"Estimated reading time":"8 minutes"},"schema":{"@context":"https:\/\/schema.org","@graph":[{"@type":"WebPage","@id":"https:\/\/villarinsat.com\/politica-de-cookies\/","url":"https:\/\/villarinsat.com\/politica-de-cookies\/","name":"Pol\u00edtica de Cookies - Villarin","isPartOf":{"@id":"https:\/\/villarinsat.com\/#website"},"datePublished":"2024-11-08T16:32:59+00:00","dateModified":"2025-05-29T11:40:49+00:00","breadcrumb":{"@id":"https:\/\/villarinsat.com\/politica-de-cookies\/#breadcrumb"},"inLanguage":"en-GB","potentialAction":[{"@type":"ReadAction","target":["https:\/\/villarinsat.com\/politica-de-cookies\/"]}]},{"@type":"BreadcrumbList","@id":"https:\/\/villarinsat.com\/politica-de-cookies\/#breadcrumb","itemListElement":[{"@type":"ListItem","position":1,"name":"Home","item":"https:\/\/villarinsat.com\/"},{"@type":"ListItem","position":2,"name":"Pol\u00edtica de Cookies"}]},{"@type":"WebSite","@id":"https:\/\/villarinsat.com\/#website","url":"https:\/\/villarinsat.com\/","name":"Villarin","description":"","publisher":{"@id":"https:\/\/villarinsat.com\/#organization"},"potentialAction":[{"@type":"SearchAction","target":{"@type":"EntryPoint","urlTemplate":"https:\/\/villarinsat.com\/?s={search_term_string}"},"query-input":"required name=search_term_string"}],"inLanguage":"en-GB"},{"@type":"Organization","@id":"https:\/\/villarinsat.com\/#organization","name":"Villarin","url":"https:\/\/villarinsat.com\/","logo":{"@type":"ImageObject","inLanguage":"en-GB","@id":"https:\/\/villarinsat.com\/#\/schema\/logo\/image\/","url":"https:\/\/villarinsat.com\/wp-content\/uploads\/2024\/11\/VILLARIN-SAT-LOGO.png","contentUrl":"https:\/\/villarinsat.com\/wp-content\/uploads\/2024\/11\/VILLARIN-SAT-LOGO.png","width":4635,"height":1222,"caption":"Villarin"},"image":{"@id":"https:\/\/villarinsat.com\/#\/schema\/logo\/image\/"}}]}},"_links":{"self":[{"href":"https:\/\/villarinsat.com\/en\/wp-json\/wp\/v2\/pages\/264","targetHints":{"allow":["GET"]}}],"collection":[{"href":"https:\/\/villarinsat.com\/en\/wp-json\/wp\/v2\/pages"}],"about":[{"href":"https:\/\/villarinsat.com\/en\/wp-json\/wp\/v2\/types\/page"}],"author":[{"embeddable":true,"href":"https:\/\/villarinsat.com\/en\/wp-json\/wp\/v2\/users\/1"}],"replies":[{"embeddable":true,"href":"https:\/\/villarinsat.com\/en\/wp-json\/wp\/v2\/comments?post=264"}],"version-history":[{"count":11,"href":"https:\/\/villarinsat.com\/en\/wp-json\/wp\/v2\/pages\/264\/revisions"}],"predecessor-version":[{"id":538,"href":"https:\/\/villarinsat.com\/en\/wp-json\/wp\/v2\/pages\/264\/revisions\/538"}],"wp:attachment":[{"href":"https:\/\/villarinsat.com\/en\/wp-json\/wp\/v2\/media?parent=264"}],"curies":[{"name":"wp","href":"https:\/\/api.w.org\/{rel}","templated":true}]}}