{"id":274,"date":"2024-11-08T16:34:27","date_gmt":"2024-11-08T16:34:27","guid":{"rendered":"https:\/\/villarinsat.com\/?page_id=274"},"modified":"2025-05-29T12:12:49","modified_gmt":"2025-05-29T12:12:49","slug":"politica-de-privacidad","status":"publish","type":"page","link":"https:\/\/villarinsat.com\/en\/politica-de-privacidad\/","title":{"rendered":"Privacy policy"},"content":{"rendered":"<div data-elementor-type=\"wp-page\" data-elementor-id=\"274\" class=\"elementor elementor-274\" data-elementor-post-type=\"page\">\n\t\t\t\t<div class=\"elementor-element elementor-element-398d9f36 e-flex e-con-boxed e-con e-parent\" data-id=\"398d9f36\" data-element_type=\"container\" data-settings=\"{&quot;background_background&quot;:&quot;classic&quot;}\">\n\t\t\t\t\t<div class=\"e-con-inner\">\n\t\t<div class=\"elementor-element elementor-element-7e419bf1 e-con-full e-flex e-con e-child\" data-id=\"7e419bf1\" data-element_type=\"container\">\n\t\t\t\t<div class=\"elementor-element elementor-element-1b544f88 elementor-widget__width-initial elementor-widget-tablet_extra__width-inherit elementor-invisible elementor-widget elementor-widget-heading\" data-id=\"1b544f88\" data-element_type=\"widget\" data-settings=\"{&quot;_animation&quot;:&quot;fadeInLeft&quot;}\" data-widget_type=\"heading.default\">\n\t\t\t\t<div class=\"elementor-widget-container\">\n\t\t\t<h1 class=\"elementor-heading-title elementor-size-default\">Legales<\/h1>\t\t<\/div>\n\t\t\t\t<\/div>\n\t\t\t\t<div class=\"elementor-element elementor-element-63cc4941 elementor-icon-list--layout-inline elementor-align-right elementor-widget__width-initial elementor-tablet_extra-align-left elementor-widget-tablet_extra__width-inherit elementor-list-item-link-full_width elementor-invisible elementor-widget elementor-widget-icon-list\" data-id=\"63cc4941\" data-element_type=\"widget\" data-settings=\"{&quot;_animation&quot;:&quot;fadeInLeft&quot;,&quot;_animation_delay&quot;:200}\" data-widget_type=\"icon-list.default\">\n\t\t\t\t<div class=\"elementor-widget-container\">\n\t\t\t\t\t<ul class=\"elementor-icon-list-items elementor-inline-items\">\n\t\t\t\t\t\t\t<li class=\"elementor-icon-list-item elementor-inline-item\">\n\t\t\t\t\t\t\t\t\t\t\t<a href=\"https:\/\/villarinsat.com\/en\">\n\n\t\t\t\t\t\t\t\t\t\t\t<span class=\"elementor-icon-list-text\">Home<\/span>\n\t\t\t\t\t\t\t\t\t\t\t<\/a>\n\t\t\t\t\t\t\t\t\t<\/li>\n\t\t\t\t\t\t\t\t<li class=\"elementor-icon-list-item elementor-inline-item\">\n\t\t\t\t\t\t\t\t\t\t\t<a href=\"https:\/\/villarinsat.com\/en\/politica-de-privacidad\/\">\n\n\t\t\t\t\t\t\t\t\t\t\t<span class=\"elementor-icon-list-text\">Privacy policy<\/span>\n\t\t\t\t\t\t\t\t\t\t\t<\/a>\n\t\t\t\t\t\t\t\t\t<\/li>\n\t\t\t\t\t\t<\/ul>\n\t\t\t\t<\/div>\n\t\t\t\t<\/div>\n\t\t\t\t<\/div>\n\t\t\t\t\t<\/div>\n\t\t\t\t<\/div>\n\t\t<div class=\"elementor-element elementor-element-2f5a5ebf e-flex e-con-boxed e-con e-parent\" data-id=\"2f5a5ebf\" data-element_type=\"container\">\n\t\t\t\t\t<div class=\"e-con-inner\">\n\t\t<div class=\"elementor-element elementor-element-60369e84 e-con-full e-flex e-con e-child\" data-id=\"60369e84\" data-element_type=\"container\">\n\t\t\t\t<div class=\"elementor-element elementor-element-4848a59f elementor-widget elementor-widget-heading\" data-id=\"4848a59f\" data-element_type=\"widget\" data-widget_type=\"heading.default\">\n\t\t\t\t<div class=\"elementor-widget-container\">\n\t\t\t<h2 class=\"elementor-heading-title elementor-size-default\">Privacy policy<\/h2>\t\t<\/div>\n\t\t\t\t<\/div>\n\t\t\t\t<div class=\"elementor-element elementor-element-541bf230 elementor-widget elementor-widget-text-editor\" data-id=\"541bf230\" data-element_type=\"widget\" data-widget_type=\"text-editor.default\">\n\t\t\t\t<div class=\"elementor-widget-container\">\n\t\t\t\t\t\t\t<p>En cumplimiento del Reglamento General de Protecci\u00f3n de Datos (UE) 2016\/679, del Parlamento<br \/>Europeo y del Consejo, de 27 de abril de 2016 y de la Ley Org\u00e1nica 3\/2018, de 5 de diciembre, de<br \/>Protecci\u00f3n de Datos Personales y de Garant\u00eda de los Derechos Digitales, le informamos de que:<\/p><p>El titular del presente sitio web y responsable de los tratamientos de datos a trav\u00e9s de este<br \/>realizados, as\u00ed como de aquellos tratamientos realizados a causa de su actividad profesional, es<\/p><p>Francisco Villar\u00edn Le\u00f3n (en adelante, el RESPONSABLE), con domicilio social sito en C\/ Santiago Rusi\u00f1ol 88, 41720 Los Palacios y Villafranca, N.I.F.: 34071367H.<\/p><p>Los datos de car\u00e1cter personal que se puedan recabar a trav\u00e9s de este sitio web o a trav\u00e9s de<br \/>cualquier otra v\u00eda por el RESPONSABLE ser\u00e1n tratados de forma segura y confidencial, aplicando las<br \/>medidas t\u00e9cnicas y organizativas necesarias para garantizar la protecci\u00f3n de estos contra el tratamiento no autorizado o il\u00edcito y contra su p\u00e9rdida, destrucci\u00f3n o da\u00f1o accidental.<\/p><p>Tales datos tratados quedar\u00e1n incorporados a la actividad de tratamiento de titularidad del<br \/>RESPONSABLE que corresponda, entre las que se encuentran la gesti\u00f3n de los datos de car\u00e1cter<br \/>personal obtenidos a trav\u00e9s de esta p\u00e1gina web y sus diferentes formularios, en los cuales la<br \/>informaci\u00f3n requerida con obligatoriedad ser\u00e1 la m\u00ednima indispensable para el fin contractual o<br \/>legal requerido, el manejo de los datos de car\u00e1cter personal de los clientes, de los trabajadores o<br \/>de otras personas de inter\u00e9s. Los datos tratados podr\u00e1n incluir datos de car\u00e1cter identificativos,<br \/>direcciones postales, direcciones electr\u00f3nicas y otras informaciones comerciales relativas a los<br \/>servicios solicitados.<\/p><p>La finalidad de tales actividades de tratamiento ser\u00e1, seg\u00fan proceda, la gesti\u00f3n de las<br \/>comunicaciones o reservas solicitadas por los interesados, la gesti\u00f3n de la actividad del<br \/>RESPONSABLE de tal forma que permita la adecuada prestaci\u00f3n de los servicios profesionales<br \/>ofertados, el mantenimiento de la relaci\u00f3n con clientes y posibles clientes o el cumplimiento de las<br \/>obligaciones legales que resulten aplicable seg\u00fan la actividad en cuesti\u00f3n.<\/p><p>Para ello, los datos de car\u00e1cter personal ser\u00e1n tratados, seg\u00fan corresponda atendiendo a las<br \/>caracter\u00edsticas concretas del tratamiento de que se trate, en base a su consentimiento cuando este<br \/>sea requerido, en cuyo caso se le solicitar\u00e1 de forma libre, espec\u00edfica, informada e inequ\u00edvoca, o<br \/>bien en base a la ejecuci\u00f3n de un contrato en el que usted es parte o para la aplicaci\u00f3n a su<br \/>petici\u00f3n de medidas precontractuales, en base al cumplimiento de una obligaci\u00f3n legal aplicable al<br \/>RESPONSABLE o en base a la satisfacci\u00f3n de un inter\u00e9s leg\u00edtimo del RESPONSABLE concretado<br \/>seg\u00fan proceda.<\/p><p>Los datos personales objeto de tratamiento se conservar\u00e1n durante el tiempo estrictamente<br \/>necesario para cumplir con la finalidad para la que fueron recabados y para determinar las posibles<br \/>responsabilidades legales que se pudieran derivar de la finalidad, salvo cuando expresamente se<br \/>prevea un plazo de conservaci\u00f3n especifico por la normativa aplicable.<\/p><p>No se comunicar\u00e1n los datos personales a terceros, salvo obligaci\u00f3n legal, pudiendo ser en tal caso los<br \/>datos comunicables, entre otros, a las Autoridades laborales o tributarias.<\/p><p>Tiene derecho de acceso, de rectificaci\u00f3n, de supresi\u00f3n, de limitaci\u00f3n del tratamiento de los datos<br \/>personales, de oposici\u00f3n al tratamiento y de portabilidad de los datos, as\u00ed como, cuando resulte de<br \/>aplicaci\u00f3n, a retirar su consentimiento en cualquier momento sin que ello afecte a la licitud del<br \/>tratamiento basado en el consentimiento previo a su retirada y a presentar una reclamaci\u00f3n ante<br \/>una autoridad de control, en los t\u00e9rminos previstos en el Reglamento General de Protecci\u00f3n de Datos<br \/>y en la Ley Org\u00e1nica 3\/2018, de 5 de diciembre, de Protecci\u00f3n de Datos Personal y garant\u00eda de los<br \/>derechos digitales. Puede solicitar el ejercicio de estos derechos, en la medida que proceda, dirigiendo<br \/>un escrito al RESPONSABLE a trav\u00e9s de cualquiera los medios de contacto indicados o ante la Agencia<br \/>Espa\u00f1ola de Protecci\u00f3n de Datos en www.aepd.es.<\/p>\t\t\t\t\t\t<\/div>\n\t\t\t\t<\/div>\n\t\t\t\t<\/div>\n\t\t\t\t\t<\/div>\n\t\t\t\t<\/div>\n\t\t\t\t<\/div>","protected":false},"excerpt":{"rendered":"<p>Legales Inicio Pol\u00edtica de Privacidad Pol\u00edtica de Privacidad En cumplimiento del Reglamento General de Protecci\u00f3n de Datos (UE) 2016\/679, del ParlamentoEuropeo y del Consejo, de 27 de abril de 2016 y de la Ley Org\u00e1nica 3\/2018, de 5 de diciembre, deProtecci\u00f3n de Datos Personales y de Garant\u00eda de los Derechos Digitales, le informamos de que: [&hellip;]<\/p>","protected":false},"author":1,"featured_media":0,"parent":0,"menu_order":0,"comment_status":"closed","ping_status":"closed","template":"","meta":{"footnotes":""},"class_list":["post-274","page","type-page","status-publish","hentry"],"yoast_head":"<!-- This site is optimized with the Yoast SEO Premium plugin v20.3 (Yoast SEO v20.3) - https:\/\/yoast.com\/wordpress\/plugins\/seo\/ -->\n<title>Pol\u00edtica de Privacidad - Villarin<\/title>\n<meta name=\"robots\" content=\"index, follow, max-snippet:-1, max-image-preview:large, max-video-preview:-1\" \/>\n<link rel=\"canonical\" href=\"https:\/\/villarinsat.com\/en\/politica-de-privacidad\/\" \/>\n<meta property=\"og:locale\" content=\"en_GB\" \/>\n<meta property=\"og:type\" content=\"article\" \/>\n<meta property=\"og:title\" content=\"Pol\u00edtica de Privacidad\" \/>\n<meta property=\"og:description\" content=\"Legales Inicio Pol\u00edtica de Privacidad Pol\u00edtica de Privacidad En cumplimiento del Reglamento General de Protecci\u00f3n de Datos (UE) 2016\/679, del ParlamentoEuropeo y del Consejo, de 27 de abril de 2016 y de la Ley Org\u00e1nica 3\/2018, de 5 de diciembre, deProtecci\u00f3n de Datos Personales y de Garant\u00eda de los Derechos Digitales, le informamos de que: [&hellip;]\" \/>\n<meta property=\"og:url\" content=\"https:\/\/villarinsat.com\/en\/politica-de-privacidad\/\" \/>\n<meta property=\"og:site_name\" content=\"Villarin\" \/>\n<meta property=\"article:modified_time\" content=\"2025-05-29T12:12:49+00:00\" \/>\n<meta name=\"twitter:card\" content=\"summary_large_image\" \/>\n<meta name=\"twitter:label1\" content=\"Estimated reading time\" \/>\n\t<meta name=\"twitter:data1\" content=\"3 minutes\" \/>\n<script type=\"application\/ld+json\" class=\"yoast-schema-graph\">{\"@context\":\"https:\/\/schema.org\",\"@graph\":[{\"@type\":\"WebPage\",\"@id\":\"https:\/\/villarinsat.com\/politica-de-privacidad\/\",\"url\":\"https:\/\/villarinsat.com\/politica-de-privacidad\/\",\"name\":\"Pol\u00edtica de Privacidad - Villarin\",\"isPartOf\":{\"@id\":\"https:\/\/villarinsat.com\/#website\"},\"datePublished\":\"2024-11-08T16:34:27+00:00\",\"dateModified\":\"2025-05-29T12:12:49+00:00\",\"breadcrumb\":{\"@id\":\"https:\/\/villarinsat.com\/politica-de-privacidad\/#breadcrumb\"},\"inLanguage\":\"en-GB\",\"potentialAction\":[{\"@type\":\"ReadAction\",\"target\":[\"https:\/\/villarinsat.com\/politica-de-privacidad\/\"]}]},{\"@type\":\"BreadcrumbList\",\"@id\":\"https:\/\/villarinsat.com\/politica-de-privacidad\/#breadcrumb\",\"itemListElement\":[{\"@type\":\"ListItem\",\"position\":1,\"name\":\"Home\",\"item\":\"https:\/\/villarinsat.com\/\"},{\"@type\":\"ListItem\",\"position\":2,\"name\":\"Pol\u00edtica de Privacidad\"}]},{\"@type\":\"WebSite\",\"@id\":\"https:\/\/villarinsat.com\/#website\",\"url\":\"https:\/\/villarinsat.com\/\",\"name\":\"Villarin\",\"description\":\"\",\"publisher\":{\"@id\":\"https:\/\/villarinsat.com\/#organization\"},\"potentialAction\":[{\"@type\":\"SearchAction\",\"target\":{\"@type\":\"EntryPoint\",\"urlTemplate\":\"https:\/\/villarinsat.com\/?s={search_term_string}\"},\"query-input\":\"required name=search_term_string\"}],\"inLanguage\":\"en-GB\"},{\"@type\":\"Organization\",\"@id\":\"https:\/\/villarinsat.com\/#organization\",\"name\":\"Villarin\",\"url\":\"https:\/\/villarinsat.com\/\",\"logo\":{\"@type\":\"ImageObject\",\"inLanguage\":\"en-GB\",\"@id\":\"https:\/\/villarinsat.com\/#\/schema\/logo\/image\/\",\"url\":\"https:\/\/villarinsat.com\/wp-content\/uploads\/2024\/11\/VILLARIN-SAT-LOGO.png\",\"contentUrl\":\"https:\/\/villarinsat.com\/wp-content\/uploads\/2024\/11\/VILLARIN-SAT-LOGO.png\",\"width\":4635,\"height\":1222,\"caption\":\"Villarin\"},\"image\":{\"@id\":\"https:\/\/villarinsat.com\/#\/schema\/logo\/image\/\"}}]}<\/script>\n<!-- \/ Yoast SEO Premium plugin. -->","yoast_head_json":{"title":"Pol\u00edtica de Privacidad - Villarin","robots":{"index":"index","follow":"follow","max-snippet":"max-snippet:-1","max-image-preview":"max-image-preview:large","max-video-preview":"max-video-preview:-1"},"canonical":"https:\/\/villarinsat.com\/en\/politica-de-privacidad\/","og_locale":"en_GB","og_type":"article","og_title":"Pol\u00edtica de Privacidad","og_description":"Legales Inicio Pol\u00edtica de Privacidad Pol\u00edtica de Privacidad En cumplimiento del Reglamento General de Protecci\u00f3n de Datos (UE) 2016\/679, del ParlamentoEuropeo y del Consejo, de 27 de abril de 2016 y de la Ley Org\u00e1nica 3\/2018, de 5 de diciembre, deProtecci\u00f3n de Datos Personales y de Garant\u00eda de los Derechos Digitales, le informamos de que: [&hellip;]","og_url":"https:\/\/villarinsat.com\/en\/politica-de-privacidad\/","og_site_name":"Villarin","article_modified_time":"2025-05-29T12:12:49+00:00","twitter_card":"summary_large_image","twitter_misc":{"Estimated reading time":"3 minutes"},"schema":{"@context":"https:\/\/schema.org","@graph":[{"@type":"WebPage","@id":"https:\/\/villarinsat.com\/politica-de-privacidad\/","url":"https:\/\/villarinsat.com\/politica-de-privacidad\/","name":"Pol\u00edtica de Privacidad - Villarin","isPartOf":{"@id":"https:\/\/villarinsat.com\/#website"},"datePublished":"2024-11-08T16:34:27+00:00","dateModified":"2025-05-29T12:12:49+00:00","breadcrumb":{"@id":"https:\/\/villarinsat.com\/politica-de-privacidad\/#breadcrumb"},"inLanguage":"en-GB","potentialAction":[{"@type":"ReadAction","target":["https:\/\/villarinsat.com\/politica-de-privacidad\/"]}]},{"@type":"BreadcrumbList","@id":"https:\/\/villarinsat.com\/politica-de-privacidad\/#breadcrumb","itemListElement":[{"@type":"ListItem","position":1,"name":"Home","item":"https:\/\/villarinsat.com\/"},{"@type":"ListItem","position":2,"name":"Pol\u00edtica de Privacidad"}]},{"@type":"WebSite","@id":"https:\/\/villarinsat.com\/#website","url":"https:\/\/villarinsat.com\/","name":"Villarin","description":"","publisher":{"@id":"https:\/\/villarinsat.com\/#organization"},"potentialAction":[{"@type":"SearchAction","target":{"@type":"EntryPoint","urlTemplate":"https:\/\/villarinsat.com\/?s={search_term_string}"},"query-input":"required name=search_term_string"}],"inLanguage":"en-GB"},{"@type":"Organization","@id":"https:\/\/villarinsat.com\/#organization","name":"Villarin","url":"https:\/\/villarinsat.com\/","logo":{"@type":"ImageObject","inLanguage":"en-GB","@id":"https:\/\/villarinsat.com\/#\/schema\/logo\/image\/","url":"https:\/\/villarinsat.com\/wp-content\/uploads\/2024\/11\/VILLARIN-SAT-LOGO.png","contentUrl":"https:\/\/villarinsat.com\/wp-content\/uploads\/2024\/11\/VILLARIN-SAT-LOGO.png","width":4635,"height":1222,"caption":"Villarin"},"image":{"@id":"https:\/\/villarinsat.com\/#\/schema\/logo\/image\/"}}]}},"_links":{"self":[{"href":"https:\/\/villarinsat.com\/en\/wp-json\/wp\/v2\/pages\/274","targetHints":{"allow":["GET"]}}],"collection":[{"href":"https:\/\/villarinsat.com\/en\/wp-json\/wp\/v2\/pages"}],"about":[{"href":"https:\/\/villarinsat.com\/en\/wp-json\/wp\/v2\/types\/page"}],"author":[{"embeddable":true,"href":"https:\/\/villarinsat.com\/en\/wp-json\/wp\/v2\/users\/1"}],"replies":[{"embeddable":true,"href":"https:\/\/villarinsat.com\/en\/wp-json\/wp\/v2\/comments?post=274"}],"version-history":[{"count":13,"href":"https:\/\/villarinsat.com\/en\/wp-json\/wp\/v2\/pages\/274\/revisions"}],"predecessor-version":[{"id":549,"href":"https:\/\/villarinsat.com\/en\/wp-json\/wp\/v2\/pages\/274\/revisions\/549"}],"wp:attachment":[{"href":"https:\/\/villarinsat.com\/en\/wp-json\/wp\/v2\/media?parent=274"}],"curies":[{"name":"wp","href":"https:\/\/api.w.org\/{rel}","templated":true}]}}